{"id":10052,"date":"2023-11-04T15:13:03","date_gmt":"2023-11-04T13:13:03","guid":{"rendered":"https:\/\/dia24.eu\/?post_type=product&#038;p=10052"},"modified":"2025-05-29T18:45:09","modified_gmt":"2025-05-29T15:45:09","slug":"trio-elisse-skin-barrier-spray","status":"publish","type":"product","link":"https:\/\/dia24.eu\/ro\/product\/trio-elisse-skin-barrier-spray\/","title":{"rendered":"Trio Elisse Spray barier\u0103 pentru piele 50ml"},"content":{"rendered":"<p>Utilizare: pentru a proteja pielea \u00eempotriva reziduurilor, enzimelor \u0219i adezivilor.<\/p>\n<p>Protectorul cutanat Trio Elisse\u2122 este potrivit pentru a fi utilizat sub o varietate de plasturi, cum ar fi plasturii adezivi pentru senzori, plasturii adezivi pentru stoma sau plasturii utiliza\u021bi pentru tratarea r\u0103nilor. Utilizarea protectorului cutanat calmeaz\u0103 pielea \u00eenro\u0219it\u0103 \u0219i reduce m\u00e2nc\u0103rimile. Datorit\u0103 formulei pe baz\u0103 de silicon, utilizarea acestui produs nu provoac\u0103, de obicei, o reac\u021bie alergic\u0103. Produsul nu con\u021bine alcool.<\/p>\n<p><strong>Cum se utilizeaz\u0103<\/strong><\/p>\n<ol>\n<li>Cur\u0103\u021ba\u021bi \u0219i usca\u021bi pielea<\/li>\n<li>\u021aine\u021bi duza la o distan\u021b\u0103 de aproximativ 10 cm de suprafa\u021ba de tratament.<\/li>\n<li>Aplica\u021bi un strat neted \u0219i uniform de produs.<\/li>\n<li>Asigura\u021bi-v\u0103 c\u0103 pielea este complet uscat\u0103 \u00eenainte de a aplica produse adezive, cum ar fi un plasture sau un senzor.<\/li>\n<li>Reaplica\u021bi de fiecare dat\u0103 c\u00e2nd dispozitivul sau patch-ul este schimbat pentru a asigura o protec\u021bie complet\u0103.<\/li>\n<\/ol>\n<p>\u00cendep\u0103rtarea special\u0103 a protec\u021biei pielii cu un dispozitiv de \u00eendep\u0103rtare a adezivului nu este, de obicei, necesar\u0103 \u0219i este suficient\u0103 sp\u0103larea normal\u0103 a pielii, dar poate fi \u00eendep\u0103rtat\u0103 cu u\u0219urin\u021b\u0103 cu un dispozitiv de \u00eendep\u0103rtare a adezivului medical, dac\u0103 este necesar.<\/p>\n<p>Pulverizatorul func\u021bioneaz\u0103 din orice unghi.<\/p>\n<p><strong>Aten\u021bie:<\/strong><\/p>\n<ul>\n<li>Evita\u021bi pulverizarea direct pe ran\u0103 (de exemplu, atunci c\u00e2nd folosi\u021bi plasturi pentru r\u0103ni).<\/li>\n<li>\u00cen caz de \u00eendoial\u0103, pulveriza\u021bi produsul pe alte zone ale pielii pentru a testa \u00eenainte de utilizare.<\/li>\n<li>\u00cen caz de irita\u021bie a pielii, \u00eentrerupe\u021bi utilizarea \u0219i contacta\u021bi un profesionist din domeniul s\u0103n\u0103t\u0103\u021bii.<\/li>\n<li>Evita\u021bi inhalarea substan\u021bei care urmeaz\u0103 s\u0103 fie pulverizat\u0103<\/li>\n<li>Numai pentru uz extern<\/li>\n<li>Produsul este inflamabil, nu fuma\u021bi \u0219i nu-l utiliza\u021bi \u00een apropierea focului deschis.<\/li>\n<\/ul>","protected":false},"excerpt":{"rendered":"<p>Protectorul cutanat Trio Elisse\u2122 este potrivit pentru a fi utilizat sub o varietate de plasturi, cum ar fi plasturii adezivi pentru senzori, plasturii adezivi pentru stoma sau plasturii utiliza\u021bi pentru tratarea r\u0103nilor. Utilizarea protectorului cutanat calmeaz\u0103 pielea \u00eenro\u0219it\u0103 \u0219i reduce m\u00e2nc\u0103rimile. Datorit\u0103 formulei pe baz\u0103 de silicon, utilizarea acestui produs nu provoac\u0103, de obicei, o reac\u021bie alergic\u0103. Produsul nu con\u021bine alcool.<\/p>","protected":false},"featured_media":10053,"comment_status":"open","ping_status":"closed","template":"","meta":[],"etheme_brands":[],"product_brand":[],"product_cat":[80,83,86],"product_tag":[],"class_list":{"0":"post-10052","1":"product","2":"type-product","3":"status-publish","4":"has-post-thumbnail","6":"product_cat-adhesive-patches","7":"product_cat-first-aid-and-care","8":"product_cat-patches-and-skin-barriers","10":"first","11":"instock","12":"shipping-taxable","13":"purchasable","14":"product-type-simple"},"aioseo_notices":[],"_links":{"self":[{"href":"https:\/\/dia24.eu\/ro\/wp-json\/wp\/v2\/product\/10052","targetHints":{"allow":["GET"]}}],"collection":[{"href":"https:\/\/dia24.eu\/ro\/wp-json\/wp\/v2\/product"}],"about":[{"href":"https:\/\/dia24.eu\/ro\/wp-json\/wp\/v2\/types\/product"}],"replies":[{"embeddable":true,"href":"https:\/\/dia24.eu\/ro\/wp-json\/wp\/v2\/comments?post=10052"}],"version-history":[{"count":3,"href":"https:\/\/dia24.eu\/ro\/wp-json\/wp\/v2\/product\/10052\/revisions"}],"predecessor-version":[{"id":10059,"href":"https:\/\/dia24.eu\/ro\/wp-json\/wp\/v2\/product\/10052\/revisions\/10059"}],"wp:featuredmedia":[{"embeddable":true,"href":"https:\/\/dia24.eu\/ro\/wp-json\/wp\/v2\/media\/10053"}],"wp:attachment":[{"href":"https:\/\/dia24.eu\/ro\/wp-json\/wp\/v2\/media?parent=10052"}],"wp:term":[{"taxonomy":"brand","embeddable":true,"href":"https:\/\/dia24.eu\/ro\/wp-json\/wp\/v2\/etheme_brands?post=10052"},{"taxonomy":"product_brand","embeddable":true,"href":"https:\/\/dia24.eu\/ro\/wp-json\/wp\/v2\/product_brand?post=10052"},{"taxonomy":"product_cat","embeddable":true,"href":"https:\/\/dia24.eu\/ro\/wp-json\/wp\/v2\/product_cat?post=10052"},{"taxonomy":"product_tag","embeddable":true,"href":"https:\/\/dia24.eu\/ro\/wp-json\/wp\/v2\/product_tag?post=10052"}],"curies":[{"name":"wp","href":"https:\/\/api.w.org\/{rel}","templated":true}]}}