{"id":10056,"date":"2023-11-04T15:31:07","date_gmt":"2023-11-04T13:31:07","guid":{"rendered":"https:\/\/dia24.eu\/?post_type=product&#038;p=10056"},"modified":"2026-03-05T13:19:05","modified_gmt":"2026-03-05T11:19:05","slug":"dansac-easispray-medical-adhesive-remover-50ml","status":"publish","type":"product","link":"https:\/\/dia24.eu\/ro\/product\/dansac-easispray-medical-adhesive-remover-50ml\/","title":{"rendered":"Dansac EasiSpray - \u00eendep\u0103rtarea adezivilor medicali 50ml"},"content":{"rendered":"<p>Utilizare: pentru a \u00eendep\u0103rta plasturii adezivi de pe piele. Potrivit pentru \u00eendep\u0103rtarea reziduurilor adezive de pe diverse plasturi \u0219i senzori.<\/p>\n<p>Ingredient activ: hexametildisiloxan.<\/p>\n<p><strong>Cum se utilizeaz\u0103:<\/strong><\/p>\n<p>Pulveriza\u021bi dizolvantul \u00een jurul reziduului de adeziv sau pe piele. Dup\u0103 c\u00e2teva secunde, \u0219terge\u021bi reziduul de adeziv de pe piele, folosind un spray suplimentar dac\u0103 este necesar. Se usuc\u0103 \u00een c\u00e2teva secunde \u0219i nu afecteaz\u0103 aderen\u021ba unui nou plasture dup\u0103 uscare.<\/p>\n<p><strong>Aten\u021bie:<\/strong><\/p>\n<ul>\n<li>Evita\u021bi utilizarea pe pielea delicat\u0103, \u00eentrerupe\u021bi utilizarea \u00een caz de irita\u021bie.<\/li>\n<li>Inflamabil, nu fuma\u021bi \u0219i nu folosi\u021bi \u00een apropierea focului deschis.<\/li>\n<\/ul>","protected":false},"excerpt":{"rendered":"<p>Dansac EasiSpray este un \u00eendep\u0103rt\u0103tor de adezivi pe baz\u0103 de silicon, astfel \u00eenc\u00e2t nu ustur\u0103 \u0219i nu irit\u0103 pielea. Produsul nu con\u021bine alcool.<\/p>","protected":false},"featured_media":10057,"comment_status":"closed","ping_status":"closed","template":"","meta":[],"etheme_brands":[],"product_brand":[],"product_cat":[83,86,78,81],"product_tag":[],"class_list":{"0":"post-10056","1":"product","2":"type-product","3":"status-publish","4":"has-post-thumbnail","6":"product_cat-first-aid-and-care","7":"product_cat-patches-and-skin-barriers","8":"product_cat-glucose-sensors-cgm","9":"product_cat-adhesive-removers","11":"first","12":"instock","13":"shipping-taxable","14":"purchasable","15":"product-type-simple"},"aioseo_notices":[],"_links":{"self":[{"href":"https:\/\/dia24.eu\/ro\/wp-json\/wp\/v2\/product\/10056","targetHints":{"allow":["GET"]}}],"collection":[{"href":"https:\/\/dia24.eu\/ro\/wp-json\/wp\/v2\/product"}],"about":[{"href":"https:\/\/dia24.eu\/ro\/wp-json\/wp\/v2\/types\/product"}],"replies":[{"embeddable":true,"href":"https:\/\/dia24.eu\/ro\/wp-json\/wp\/v2\/comments?post=10056"}],"version-history":[{"count":1,"href":"https:\/\/dia24.eu\/ro\/wp-json\/wp\/v2\/product\/10056\/revisions"}],"predecessor-version":[{"id":10058,"href":"https:\/\/dia24.eu\/ro\/wp-json\/wp\/v2\/product\/10056\/revisions\/10058"}],"wp:featuredmedia":[{"embeddable":true,"href":"https:\/\/dia24.eu\/ro\/wp-json\/wp\/v2\/media\/10057"}],"wp:attachment":[{"href":"https:\/\/dia24.eu\/ro\/wp-json\/wp\/v2\/media?parent=10056"}],"wp:term":[{"taxonomy":"brand","embeddable":true,"href":"https:\/\/dia24.eu\/ro\/wp-json\/wp\/v2\/etheme_brands?post=10056"},{"taxonomy":"product_brand","embeddable":true,"href":"https:\/\/dia24.eu\/ro\/wp-json\/wp\/v2\/product_brand?post=10056"},{"taxonomy":"product_cat","embeddable":true,"href":"https:\/\/dia24.eu\/ro\/wp-json\/wp\/v2\/product_cat?post=10056"},{"taxonomy":"product_tag","embeddable":true,"href":"https:\/\/dia24.eu\/ro\/wp-json\/wp\/v2\/product_tag?post=10056"}],"curies":[{"name":"wp","href":"https:\/\/api.w.org\/{rel}","templated":true}]}}