{"id":10186,"date":"2023-12-07T20:55:48","date_gmt":"2023-12-07T18:55:48","guid":{"rendered":"https:\/\/dia24.eu\/?post_type=product&#038;p=10186"},"modified":"2023-12-07T20:55:48","modified_gmt":"2023-12-07T18:55:48","slug":"jordan-caries-defense-75ml","status":"publish","type":"product","link":"https:\/\/dia24.eu\/ro\/product\/jordan-caries-defense-75ml\/","title":{"rendered":"Jordan Caries Defense 75ml"},"content":{"rendered":"<p>Jordan Caries Defense este o past\u0103 de din\u021bi cu gust u\u0219or \u0219i proasp\u0103t. Con\u021bine un nivel mai ridicat de xilitol pentru protec\u021bie anticaries. Combina\u021bia de fluor \u0219i xilitol v\u0103 ofer\u0103 din\u021bi mai puternici \u0219i niveluri mai bune de remineralizare \u00een compara\u021bie cu pastele de din\u021bi numai cu fluor. Pasta de din\u021bi este bl\u00e2nd\u0103 cu smal\u021bul dentar.<\/p>\n<p>&nbsp;<\/p>\n<p>\u021aara de origine: Suedia<\/p>\n<p>Ingrediente:<br \/>\nAp\u0103, sorbitol, silice hidratat\u0103, xilitol, PEG-32, glicerin\u0103, laurilsulfat de sodiu, arom\u0103, gluconat de zinc, fluorur\u0103 de sodiu, gum\u0103 de celuloz\u0103, zaharin\u0103 de sodiu, limonen, CI 74160, CI 77891.<\/p>","protected":false},"excerpt":{"rendered":"<ul>\n<li>Cu un con\u021binut ridicat de xilitol<\/li>\n<li>Din\u021bi mai puternici<\/li>\n<li>\u00cendep\u0103rteaz\u0103 placa bacterian\u0103<\/li>\n<li>Bl\u00e2nd cu smal\u021bul dentar<\/li>\n<\/ul>\n<p>Nivel mai ridicat de xilitol pentru protec\u021bie anticarie.<\/p>","protected":false},"featured_media":10187,"comment_status":"open","ping_status":"closed","template":"","meta":[],"etheme_brands":[],"product_brand":[],"product_cat":[83,138],"product_tag":[],"class_list":{"0":"post-10186","1":"product","2":"type-product","3":"status-publish","4":"has-post-thumbnail","6":"product_cat-first-aid-and-care","7":"product_cat-diabetic-toothpaste","9":"first","10":"instock","11":"shipping-taxable","12":"purchasable","13":"product-type-simple"},"aioseo_notices":[],"_links":{"self":[{"href":"https:\/\/dia24.eu\/ro\/wp-json\/wp\/v2\/product\/10186","targetHints":{"allow":["GET"]}}],"collection":[{"href":"https:\/\/dia24.eu\/ro\/wp-json\/wp\/v2\/product"}],"about":[{"href":"https:\/\/dia24.eu\/ro\/wp-json\/wp\/v2\/types\/product"}],"replies":[{"embeddable":true,"href":"https:\/\/dia24.eu\/ro\/wp-json\/wp\/v2\/comments?post=10186"}],"version-history":[{"count":1,"href":"https:\/\/dia24.eu\/ro\/wp-json\/wp\/v2\/product\/10186\/revisions"}],"predecessor-version":[{"id":10188,"href":"https:\/\/dia24.eu\/ro\/wp-json\/wp\/v2\/product\/10186\/revisions\/10188"}],"wp:featuredmedia":[{"embeddable":true,"href":"https:\/\/dia24.eu\/ro\/wp-json\/wp\/v2\/media\/10187"}],"wp:attachment":[{"href":"https:\/\/dia24.eu\/ro\/wp-json\/wp\/v2\/media?parent=10186"}],"wp:term":[{"taxonomy":"brand","embeddable":true,"href":"https:\/\/dia24.eu\/ro\/wp-json\/wp\/v2\/etheme_brands?post=10186"},{"taxonomy":"product_brand","embeddable":true,"href":"https:\/\/dia24.eu\/ro\/wp-json\/wp\/v2\/product_brand?post=10186"},{"taxonomy":"product_cat","embeddable":true,"href":"https:\/\/dia24.eu\/ro\/wp-json\/wp\/v2\/product_cat?post=10186"},{"taxonomy":"product_tag","embeddable":true,"href":"https:\/\/dia24.eu\/ro\/wp-json\/wp\/v2\/product_tag?post=10186"}],"curies":[{"name":"wp","href":"https:\/\/api.w.org\/{rel}","templated":true}]}}