{"id":12572,"date":"2025-04-02T23:15:38","date_gmt":"2025-04-02T20:15:38","guid":{"rendered":"https:\/\/dia24.eu\/?post_type=product&#038;p=12572"},"modified":"2025-08-17T22:02:09","modified_gmt":"2025-08-17T19:02:09","slug":"dexcom-one-sensors-set-of-9-3-month-supply","status":"publish","type":"product","link":"https:\/\/dia24.eu\/ro\/product\/dexcom-one-sensors-set-of-9-3-month-supply\/","title":{"rendered":"Dexcom ONE+ Senzori (set de 9)"},"content":{"rendered":"<p><span style=\"color: #ff0000;\"><strong>INFO <\/strong><\/span><strong>Acest senzor func\u021bioneaz\u0103 cu aplica\u021bia oficial\u0103 Dexcom ONE+<\/strong>, \u00eenainte de a cump\u0103ra <strong>verifica\u021bi dac\u0103 este disponibil \u00een \u021bara dumneavoastr\u0103<\/strong>. Alternativ, pute\u021bi utiliza cea mai recent\u0103 versiune de xDrip pentru Android (suport ad\u0103ugat pe 14 februarie)<\/p>\n<p>Senzorul transmi\u021b\u0103tor Dexcom ONE+ All-in-one face parte din sistemul de monitorizare continu\u0103 a glicemiei (CGM) Dexcom ONE+.<\/p>\n<p>\u00centregul sistem Dexcom ONE+ este un sistem rtCGM, ceea ce \u00eenseamn\u0103 c\u0103 trimite date \u00een timp real c\u0103tre un dispozitiv de vizualizare - nu necesit\u0103 scanare sau calibrare, are alerte editabile \u0219i are o precizie excep\u021bional\u0103 chiar \u0219i \u00een cazul unor niveluri fluctuante de glucoz\u0103.<\/p>\n<p><strong>Sistemul are nevoie de 2 componente pentru a func\u021biona:<\/strong><\/p>\n<ul>\n<li>Senzorul Dexcom ONE+ - func\u021bioneaz\u0103 timp de 10 zile cu o perioad\u0103 de gra\u021bie suplimentar\u0103 de 12 ore la sf\u00e2r\u0219itul fiec\u0103rei sesiuni<\/li>\n<li>Un dispozitiv de monitorizare, adic\u0103 un smartphone compatibil (sau un receptor op\u021bional Dexcom ONE+)<\/li>\n<\/ul>\n<p><strong>Caracteristicile Dexcom ONE+:<\/strong><\/p>\n<ul>\n<li>senzor \u0219i emi\u021b\u0103tor mic, dintr-o singur\u0103 bucat\u0103, de tip \"all-in-one<\/li>\n<li>senzor care func\u021bioneaz\u0103 timp de p\u00e2n\u0103 la 10 zile<\/li>\n<li>30 minute de pornire a senzorului<\/li>\n<li>nu este necesar\u0103 scanarea sau \u00een\u021beparea degetelor<\/li>\n<li>alerte personalizate editabile + func\u021bie de \u00eent\u00e2rziere, alert\u0103 de nivel \u00eenalt<\/li>\n<li>p\u00e2n\u0103 la 3 puncte de inser\u021bie a senzorilor<\/li>\n<li>cea mai bun\u0103 rezisten\u021b\u0103 la ap\u0103 din clasa sa<\/li>\n<li>precizie chiar \u0219i \u00een cazul unor fluctua\u021bii mari ale nivelului de glucoz\u0103<\/li>\n<li>\u00eenregistrarea evenimentelor - arat\u0103 modul \u00een care chiar \u0219i micile modific\u0103ri pot afecta nivelurile de glucoz\u0103<\/li>\n<li>Perioada de gra\u021bie de 12 ore la sf\u00e2r\u0219itul fiec\u0103rei sesiuni de senzori<\/li>\n<li>posibilitatea de a partaja datele privind glucoza cu 10 observatori folosind aplica\u021bia Follow<\/li>\n<\/ul>","protected":false},"excerpt":{"rendered":"<p>Sistemul de monitorizare continu\u0103 a glicemiei (CGM) Dexcom ONE+ All-in-one Transmi\u021b\u0103tor \u0219i senzor.<br \/>\nSet de 9 senzori, livrare pe 3 luni.<\/p>\n<p>&nbsp;<\/p>","protected":false},"featured_media":12574,"comment_status":"open","ping_status":"closed","template":"","meta":[],"etheme_brands":[],"product_brand":[],"product_cat":[139,78,79],"product_tag":[],"class_list":{"0":"post-12572","1":"product","2":"type-product","3":"status-publish","4":"has-post-thumbnail","6":"product_cat-dexcom-one-plus","7":"product_cat-glucose-sensors-cgm","8":"product_cat-dexcom-one-cgm","10":"first","11":"instock","12":"featured","13":"shipping-taxable","14":"purchasable","15":"product-type-simple"},"aioseo_notices":[],"_links":{"self":[{"href":"https:\/\/dia24.eu\/ro\/wp-json\/wp\/v2\/product\/12572","targetHints":{"allow":["GET"]}}],"collection":[{"href":"https:\/\/dia24.eu\/ro\/wp-json\/wp\/v2\/product"}],"about":[{"href":"https:\/\/dia24.eu\/ro\/wp-json\/wp\/v2\/types\/product"}],"replies":[{"embeddable":true,"href":"https:\/\/dia24.eu\/ro\/wp-json\/wp\/v2\/comments?post=12572"}],"version-history":[{"count":1,"href":"https:\/\/dia24.eu\/ro\/wp-json\/wp\/v2\/product\/12572\/revisions"}],"predecessor-version":[{"id":12573,"href":"https:\/\/dia24.eu\/ro\/wp-json\/wp\/v2\/product\/12572\/revisions\/12573"}],"wp:featuredmedia":[{"embeddable":true,"href":"https:\/\/dia24.eu\/ro\/wp-json\/wp\/v2\/media\/12574"}],"wp:attachment":[{"href":"https:\/\/dia24.eu\/ro\/wp-json\/wp\/v2\/media?parent=12572"}],"wp:term":[{"taxonomy":"brand","embeddable":true,"href":"https:\/\/dia24.eu\/ro\/wp-json\/wp\/v2\/etheme_brands?post=12572"},{"taxonomy":"product_brand","embeddable":true,"href":"https:\/\/dia24.eu\/ro\/wp-json\/wp\/v2\/product_brand?post=12572"},{"taxonomy":"product_cat","embeddable":true,"href":"https:\/\/dia24.eu\/ro\/wp-json\/wp\/v2\/product_cat?post=12572"},{"taxonomy":"product_tag","embeddable":true,"href":"https:\/\/dia24.eu\/ro\/wp-json\/wp\/v2\/product_tag?post=12572"}],"curies":[{"name":"wp","href":"https:\/\/api.w.org\/{rel}","templated":true}]}}