{"id":7044,"date":"2023-02-07T03:12:19","date_gmt":"2023-02-07T01:12:19","guid":{"rendered":"https:\/\/dia24.eu\/?post_type=product&#038;p=7044"},"modified":"2025-11-21T16:20:28","modified_gmt":"2025-11-21T14:20:28","slug":"dexcom-one-transmitter","status":"publish","type":"product","link":"https:\/\/dia24.eu\/ro\/product\/dexcom-one-transmitter\/","title":{"rendered":"Transmi\u021b\u0103tor Dexcom ONE"},"content":{"rendered":"<p>Transmi\u021b\u0103torul Dexcom ONE se ata\u0219eaz\u0103 la senzorul Dexcom ONE (v\u00e2ndut separat) \u0219i trimite citirile de glucoz\u0103 \u00een timp real, f\u0103r\u0103 fir, c\u0103tre un smartphone prin Bluetooth. Fiecare transmi\u021b\u0103tor are o durat\u0103 de via\u021b\u0103 a bateriei de 3 luni \u0219i poate fi reutilizat cu mai mul\u021bi senzori.<\/p>\n<ul>\n<li>Durata de via\u021b\u0103 a bateriei de 3 luni<\/li>\n<li>Poate fi reutilizat cu mai mul\u021bi senzori<\/li>\n<li>Aplica\u021bii compatibile: Dexcom ONE \/ xDrip \/ xDrip4iOS<\/li>\n<\/ul>","protected":false},"excerpt":{"rendered":"<p>Transmi\u021b\u0103tor pentru senzorii Dexcom ONE.<br \/>\n<strong>V\u00e2nzare de lichidare<\/strong><br \/>\nExpir\u0103 la 10.2025<\/p>","protected":false},"featured_media":8283,"comment_status":"closed","ping_status":"closed","template":"","meta":[],"etheme_brands":[{"term_id":91,"name":"Dexcom","slug":"dexcom","term_group":0,"term_taxonomy_id":91,"taxonomy":"brand","description":"Dexcom CGM","parent":0,"count":3,"filter":"raw"}],"product_brand":[],"product_cat":[79,78],"product_tag":[],"class_list":{"0":"post-7044","1":"product","2":"type-product","3":"status-publish","4":"has-post-thumbnail","6":"brand-dexcom","7":"product_cat-dexcom-one-cgm","8":"product_cat-glucose-sensors-cgm","10":"first","11":"outofstock","12":"sale","13":"shipping-taxable","14":"purchasable","15":"product-type-simple"},"aioseo_notices":[],"_links":{"self":[{"href":"https:\/\/dia24.eu\/ro\/wp-json\/wp\/v2\/product\/7044","targetHints":{"allow":["GET"]}}],"collection":[{"href":"https:\/\/dia24.eu\/ro\/wp-json\/wp\/v2\/product"}],"about":[{"href":"https:\/\/dia24.eu\/ro\/wp-json\/wp\/v2\/types\/product"}],"replies":[{"embeddable":true,"href":"https:\/\/dia24.eu\/ro\/wp-json\/wp\/v2\/comments?post=7044"}],"version-history":[{"count":24,"href":"https:\/\/dia24.eu\/ro\/wp-json\/wp\/v2\/product\/7044\/revisions"}],"predecessor-version":[{"id":12818,"href":"https:\/\/dia24.eu\/ro\/wp-json\/wp\/v2\/product\/7044\/revisions\/12818"}],"wp:featuredmedia":[{"embeddable":true,"href":"https:\/\/dia24.eu\/ro\/wp-json\/wp\/v2\/media\/8283"}],"wp:attachment":[{"href":"https:\/\/dia24.eu\/ro\/wp-json\/wp\/v2\/media?parent=7044"}],"wp:term":[{"taxonomy":"brand","embeddable":true,"href":"https:\/\/dia24.eu\/ro\/wp-json\/wp\/v2\/etheme_brands?post=7044"},{"taxonomy":"product_brand","embeddable":true,"href":"https:\/\/dia24.eu\/ro\/wp-json\/wp\/v2\/product_brand?post=7044"},{"taxonomy":"product_cat","embeddable":true,"href":"https:\/\/dia24.eu\/ro\/wp-json\/wp\/v2\/product_cat?post=7044"},{"taxonomy":"product_tag","embeddable":true,"href":"https:\/\/dia24.eu\/ro\/wp-json\/wp\/v2\/product_tag?post=7044"}],"curies":[{"name":"wp","href":"https:\/\/api.w.org\/{rel}","templated":true}]}}