{"id":7084,"date":"2023-02-08T01:01:13","date_gmt":"2023-02-07T23:01:13","guid":{"rendered":"https:\/\/dia24.eu\/?post_type=product&#038;p=7084"},"modified":"2025-08-06T21:39:19","modified_gmt":"2025-08-06T18:39:19","slug":"dexcom-one-sensor-1-pack","status":"publish","type":"product","link":"https:\/\/dia24.eu\/ro\/product\/dexcom-one-sensor-1-pack\/","title":{"rendered":"Senzor Dexcom ONE (pachet de 1)"},"content":{"rendered":"<p><strong><span style=\"color: #ff0000;\">IMPORTANT!<\/span> Acest sistem de senzori va fi abandonat \u00een prima jum\u0103tate a anului 2025,<\/strong>, deoarece produc\u021bia lor va fi oprit\u0103.<br \/>\nAve\u021bi op\u021biunea de a trece la noul <a href=\"https:\/\/dia24.eu\/ro\/product\/dexcom-one-plus\/\"><strong>ONE+<\/strong><\/a> sau al\u021bi senzori.<\/p>\n<p>Senzorul Dexcom ONE m\u0103soar\u0103 continuu nivelul de glucoz\u0103.<br \/>\nSenzorul este prev\u0103zut cu un aplicator, ceea ce face ca inser\u021bia s\u0103 fie foarte rapid\u0103 \u0219i simpl\u0103. Senzorul poate fi purtat p\u00e2n\u0103 la 10 zile.<br \/>\nNecesit\u0103 transmi\u021b\u0103torul Dexcom ONE (poate fi achizi\u021bionat separat)<\/p>\n<ul>\n<li>Senzorul poate fi purtat timp de p\u00e2n\u0103 la 10 zile (recomandat)<\/li>\n<li>Vine cu un autoaplicator<\/li>\n<li>Necesit\u0103 <strong><a href=\"https:\/\/dia24.eu\/ro\/product\/dexcom-one-transmitter\/\">Transmi\u021b\u0103tor Dexcom ONE<\/a><\/strong><\/li>\n<\/ul>\n<p><span style=\"color: #ff0000;\"><strong>INFO <\/strong><\/span><strong>Acest senzor func\u021bioneaz\u0103 cu aplica\u021bia oficial\u0103 Dexcom ONE<\/strong>, \u00eenainte de a cump\u0103ra <strong>verifica\u021bi dac\u0103 este disponibil \u00een \u021bara dumneavoastr\u0103<\/strong>. Alternativ, pute\u021bi utiliza cea mai recent\u0103 versiune a xDrip pentru Android<\/p>","protected":false},"excerpt":{"rendered":"<p>Senzor Dexcom ONE pentru m\u0103surarea continu\u0103 a nivelului de glucoz\u0103.<br \/>\n<strong>DISPONIBILITATE LIMITAT\u0102, ULTIMUL STOC<\/strong><\/p>","protected":false},"featured_media":8281,"comment_status":"closed","ping_status":"closed","template":"","meta":[],"etheme_brands":[],"product_brand":[],"product_cat":[79,78],"product_tag":[],"class_list":{"0":"post-7084","1":"product","2":"type-product","3":"status-publish","4":"has-post-thumbnail","6":"product_cat-dexcom-one-cgm","7":"product_cat-glucose-sensors-cgm","9":"first","10":"outofstock","11":"shipping-taxable","12":"purchasable","13":"product-type-simple"},"aioseo_notices":[],"_links":{"self":[{"href":"https:\/\/dia24.eu\/ro\/wp-json\/wp\/v2\/product\/7084","targetHints":{"allow":["GET"]}}],"collection":[{"href":"https:\/\/dia24.eu\/ro\/wp-json\/wp\/v2\/product"}],"about":[{"href":"https:\/\/dia24.eu\/ro\/wp-json\/wp\/v2\/types\/product"}],"replies":[{"embeddable":true,"href":"https:\/\/dia24.eu\/ro\/wp-json\/wp\/v2\/comments?post=7084"}],"version-history":[{"count":9,"href":"https:\/\/dia24.eu\/ro\/wp-json\/wp\/v2\/product\/7084\/revisions"}],"predecessor-version":[{"id":13223,"href":"https:\/\/dia24.eu\/ro\/wp-json\/wp\/v2\/product\/7084\/revisions\/13223"}],"wp:featuredmedia":[{"embeddable":true,"href":"https:\/\/dia24.eu\/ro\/wp-json\/wp\/v2\/media\/8281"}],"wp:attachment":[{"href":"https:\/\/dia24.eu\/ro\/wp-json\/wp\/v2\/media?parent=7084"}],"wp:term":[{"taxonomy":"brand","embeddable":true,"href":"https:\/\/dia24.eu\/ro\/wp-json\/wp\/v2\/etheme_brands?post=7084"},{"taxonomy":"product_brand","embeddable":true,"href":"https:\/\/dia24.eu\/ro\/wp-json\/wp\/v2\/product_brand?post=7084"},{"taxonomy":"product_cat","embeddable":true,"href":"https:\/\/dia24.eu\/ro\/wp-json\/wp\/v2\/product_cat?post=7084"},{"taxonomy":"product_tag","embeddable":true,"href":"https:\/\/dia24.eu\/ro\/wp-json\/wp\/v2\/product_tag?post=7084"}],"curies":[{"name":"wp","href":"https:\/\/api.w.org\/{rel}","templated":true}]}}