{"id":7091,"date":"2023-02-08T01:08:03","date_gmt":"2023-02-07T23:08:03","guid":{"rendered":"https:\/\/dia24.eu\/?post_type=product&#038;p=7091"},"modified":"2025-08-06T21:39:12","modified_gmt":"2025-08-06T18:39:12","slug":"dexcom-one-sensors-3-pack","status":"publish","type":"product","link":"https:\/\/dia24.eu\/ro\/product\/dexcom-one-sensors-3-pack\/","title":{"rendered":"Senzori Dexcom ONE (pachet de 3)"},"content":{"rendered":"<div class=\"wp-block-column\" style=\"flex-basis: 100%;\"><\/div>\r\n\r\n\r\n\r\n<p><strong><span style=\"color: #ff0000;\">IMPORTANT!<\/span> Acest sistem de senzori va fi abandonat \u00een prima jum\u0103tate a anului 2025,<\/strong>, deoarece produc\u021bia lor va fi oprit\u0103.<br \/>Ave\u021bi op\u021biunea de a trece la noul <a href=\"https:\/\/dia24.eu\/ro\/product\/dexcom-one-plus\/\"><strong>ONE+<\/strong><\/a> sau al\u021bi senzori. <br \/><br \/>Senzorul Dexcom ONE m\u0103soar\u0103 continuu nivelul de glucoz\u0103.<br \/>Senzorul este prev\u0103zut cu un aplicator, ceea ce face ca inser\u021bia s\u0103 fie foarte rapid\u0103 \u0219i simpl\u0103. Senzorul poate fi purtat p\u00e2n\u0103 la 10 zile.<br \/>Fiecare senzor poate fi purtat p\u00e2n\u0103 la 10 zile. P\u00e2n\u0103 la 30 de zile de monitorizare continu\u0103 a glicemiei cu pachetul de 3 senzori.<br \/>Necesit\u0103 transmi\u021b\u0103torul Dexcom ONE (poate fi achizi\u021bionat separat)<\/p>\r\n\r\n\r\n\r\n<ul class=\"wp-block-list\">\r\n<li>Senzorul poate fi purtat timp de p\u00e2n\u0103 la 10 zile fiecare (recomandat)<\/li>\r\n\r\n\r\n\r\n<li>Total de p\u00e2n\u0103 la 30 de zile de monitorizare cu un pachet de 3 senzori<\/li>\r\n\r\n\r\n\r\n<li>To\u021bi senzorii sunt prev\u0103zu\u021bi cu un autoaplicator<\/li>\r\n\r\n\r\n\r\n<li>Necesit\u0103\u00a0<strong><a href=\"https:\/\/dia24.eu\/ro\/product\/dexcom-one-transmitter\/\">Transmi\u021b\u0103tor Dexcom ONE<\/a><\/strong><\/li>\r\n<\/ul>\r\n<p><span style=\"color: #ff0000;\"><strong>INFO <\/strong><\/span><strong>Acest senzor func\u021bioneaz\u0103 cu aplica\u021bia oficial\u0103 Dexcom ONE<\/strong>, \u00eenainte de a cump\u0103ra <strong>verifica\u021bi dac\u0103 este disponibil \u00een \u021bara dumneavoastr\u0103<\/strong>. Alternativ, pute\u021bi utiliza cea mai recent\u0103 versiune de xDrip pentru Android.<\/p>","protected":false},"excerpt":{"rendered":"<p>Senzor Dexcom ONE pentru m\u0103surarea continu\u0103 a nivelului de glucoz\u0103. Pachet de 3<br \/><strong>DISPONIBILITATE LIMITAT\u0102, ULTIMUL STOC<\/strong><\/p>","protected":false},"featured_media":8282,"comment_status":"closed","ping_status":"closed","template":"","meta":[],"etheme_brands":[],"product_brand":[],"product_cat":[79,78],"product_tag":[],"class_list":{"0":"post-7091","1":"product","2":"type-product","3":"status-publish","4":"has-post-thumbnail","6":"product_cat-dexcom-one-cgm","7":"product_cat-glucose-sensors-cgm","9":"first","10":"outofstock","11":"sale","12":"shipping-taxable","13":"purchasable","14":"product-type-simple"},"aioseo_notices":[],"_links":{"self":[{"href":"https:\/\/dia24.eu\/ro\/wp-json\/wp\/v2\/product\/7091","targetHints":{"allow":["GET"]}}],"collection":[{"href":"https:\/\/dia24.eu\/ro\/wp-json\/wp\/v2\/product"}],"about":[{"href":"https:\/\/dia24.eu\/ro\/wp-json\/wp\/v2\/types\/product"}],"replies":[{"embeddable":true,"href":"https:\/\/dia24.eu\/ro\/wp-json\/wp\/v2\/comments?post=7091"}],"version-history":[{"count":29,"href":"https:\/\/dia24.eu\/ro\/wp-json\/wp\/v2\/product\/7091\/revisions"}],"predecessor-version":[{"id":13224,"href":"https:\/\/dia24.eu\/ro\/wp-json\/wp\/v2\/product\/7091\/revisions\/13224"}],"wp:featuredmedia":[{"embeddable":true,"href":"https:\/\/dia24.eu\/ro\/wp-json\/wp\/v2\/media\/8282"}],"wp:attachment":[{"href":"https:\/\/dia24.eu\/ro\/wp-json\/wp\/v2\/media?parent=7091"}],"wp:term":[{"taxonomy":"brand","embeddable":true,"href":"https:\/\/dia24.eu\/ro\/wp-json\/wp\/v2\/etheme_brands?post=7091"},{"taxonomy":"product_brand","embeddable":true,"href":"https:\/\/dia24.eu\/ro\/wp-json\/wp\/v2\/product_brand?post=7091"},{"taxonomy":"product_cat","embeddable":true,"href":"https:\/\/dia24.eu\/ro\/wp-json\/wp\/v2\/product_cat?post=7091"},{"taxonomy":"product_tag","embeddable":true,"href":"https:\/\/dia24.eu\/ro\/wp-json\/wp\/v2\/product_tag?post=7091"}],"curies":[{"name":"wp","href":"https:\/\/api.w.org\/{rel}","templated":true}]}}