{"id":7187,"date":"2023-02-08T16:29:52","date_gmt":"2023-02-08T14:29:52","guid":{"rendered":"https:\/\/dia24.eu\/?post_type=product&#038;p=7187"},"modified":"2024-07-29T20:08:11","modified_gmt":"2024-07-29T17:08:11","slug":"hydrofilm-adhesive-film-dressing-10x125cm-n10","status":"publish","type":"product","link":"https:\/\/dia24.eu\/ro\/product\/hydrofilm-adhesive-film-dressing-10x125cm-n10\/","title":{"rendered":"Pansament cu folie adeziv\u0103 Hydrofilm 10\u00d712,5cm N10"},"content":{"rendered":"<p>Plasture steril \u0219i transparent pentru r\u0103ni. Pelicul\u0103 poliuretanic\u0103 impermeabil\u0103 la ap\u0103 \u0219i murd\u0103rie. Protejeaz\u0103 rana de infec\u021bii. De asemenea, potrivit pentru diverse pansamente pentru r\u0103ni.<\/p>\n<p>10\u00d712,5 cm<br \/>\nPachetul con\u021bine 10 plasturi.<\/p>","protected":false},"excerpt":{"rendered":"<p>Pelicul\u0103 poliuretanic\u0103 impermeabil\u0103 la ap\u0103 \u0219i murd\u0103rie.<\/p>","protected":false},"featured_media":8059,"comment_status":"closed","ping_status":"closed","template":"","meta":[],"etheme_brands":[],"product_brand":[],"product_cat":[83,86],"product_tag":[],"class_list":{"0":"post-7187","1":"product","2":"type-product","3":"status-publish","4":"has-post-thumbnail","6":"product_cat-first-aid-and-care","7":"product_cat-patches-and-skin-barriers","9":"first","10":"outofstock","11":"shipping-taxable","12":"purchasable","13":"product-type-simple"},"aioseo_notices":[],"_links":{"self":[{"href":"https:\/\/dia24.eu\/ro\/wp-json\/wp\/v2\/product\/7187","targetHints":{"allow":["GET"]}}],"collection":[{"href":"https:\/\/dia24.eu\/ro\/wp-json\/wp\/v2\/product"}],"about":[{"href":"https:\/\/dia24.eu\/ro\/wp-json\/wp\/v2\/types\/product"}],"replies":[{"embeddable":true,"href":"https:\/\/dia24.eu\/ro\/wp-json\/wp\/v2\/comments?post=7187"}],"version-history":[{"count":1,"href":"https:\/\/dia24.eu\/ro\/wp-json\/wp\/v2\/product\/7187\/revisions"}],"predecessor-version":[{"id":7189,"href":"https:\/\/dia24.eu\/ro\/wp-json\/wp\/v2\/product\/7187\/revisions\/7189"}],"wp:featuredmedia":[{"embeddable":true,"href":"https:\/\/dia24.eu\/ro\/wp-json\/wp\/v2\/media\/8059"}],"wp:attachment":[{"href":"https:\/\/dia24.eu\/ro\/wp-json\/wp\/v2\/media?parent=7187"}],"wp:term":[{"taxonomy":"brand","embeddable":true,"href":"https:\/\/dia24.eu\/ro\/wp-json\/wp\/v2\/etheme_brands?post=7187"},{"taxonomy":"product_brand","embeddable":true,"href":"https:\/\/dia24.eu\/ro\/wp-json\/wp\/v2\/product_brand?post=7187"},{"taxonomy":"product_cat","embeddable":true,"href":"https:\/\/dia24.eu\/ro\/wp-json\/wp\/v2\/product_cat?post=7187"},{"taxonomy":"product_tag","embeddable":true,"href":"https:\/\/dia24.eu\/ro\/wp-json\/wp\/v2\/product_tag?post=7187"}],"curies":[{"name":"wp","href":"https:\/\/api.w.org\/{rel}","templated":true}]}}