{"id":7229,"date":"2023-02-08T18:29:15","date_gmt":"2023-02-08T16:29:15","guid":{"rendered":"https:\/\/dia24.eu\/?post_type=product&#038;p=7229"},"modified":"2024-04-30T02:31:41","modified_gmt":"2024-04-29T23:31:41","slug":"caresens-dual-for-the-measurement-of-%ce%b2-ketones","status":"publish","type":"product","link":"https:\/\/dia24.eu\/ro\/product\/caresens-dual-for-the-measurement-of-%ce%b2-ketones\/","title":{"rendered":"CareSens Dual pentru m\u0103surarea \u03b2-cetonelor"},"content":{"rendered":"<p>M\u0103surarea cetonilor \u0219i a glicemiei \u00een s\u00e2nge este acum rapid\u0103 \u0219i u\u0219oar\u0103! CareSens Dual este un glucometru de mici dimensiuni, cu retroiluminare automat\u0103, de mare capacitate, pentru m\u0103surarea \u03b2-cetonilor \u0219i a glicemiei \u00een s\u00e2nge. Nu necesit\u0103 codificare sau configurare - preg\u0103tit pentru testul 100%.<\/p>\n<p>Glucometrul CareSens Dual poate fi utilizat \u00een combina\u021bie cu benzile de testare a cetonelor KetoSens \u0219i cu benzile de testare a glicemiei CareSens Pro.<\/p>\n<p>M\u0103surarea cetonelor este u\u0219oar\u0103, deoarece instrumentul are multe avantaje:<\/p>\n<ul>\n<li>retroiluminare automat\u0103 a ecranului LCD;<\/li>\n<li>echipat cu un ejector de benzi de testare;<\/li>\n<li>1, 7, 14, 30, 90 de zile citire medie;<\/li>\n<li>Aplica\u021bia mobil\u0103 SmartLogTM poate fi desc\u0103rcat\u0103 pentru smartphone-urile Android \u0219i iOS pentru stocarea datelor (<strong><a href=\"https:\/\/www.youtube.com\/watch?v=REewfDgRynI\">vezi video introductiv<\/a><\/strong>);<\/li>\n<li>Al\u0103turi de rezultatele testelor, glucometrul \u00eenregistreaz\u0103 \u0219i temperatura ambiant\u0103.<\/li>\n<li>Cantitatea de s\u00e2nge necesar\u0103 pentru analiz\u0103: doar 0,4 \u03bcl pentru glucoza din s\u00e2nge \u0219i 0,5 \u03bcl pentru glucoza \u03b2-chelata;<\/li>\n<li>timp de analiz\u0103: glicemia 5 secunde \u0219i \u03b2-cetonele 8 secunde;<\/li>\n<li>memorie: 1000 de analize;<\/li>\n<li>Intervalul de m\u0103surare: glucoz\u0103 \u00een s\u00e2nge 1,1-33,3 mmol\/L \u0219i \u03b2-cetone 0,1-8,0 mmol\/L;<\/li>\n<li>S\u00e2nge care urmeaz\u0103 s\u0103 fie analizat: s\u00e2nge capilar proasp\u0103t din tot corpul\/s\u00e2nge venos proasp\u0103t integral (numai pentru personalul medical);<\/li>\n<li>Func\u021bioneaz\u0103 cu benzile de testare CareSens PRO \u0219i KetoSens.<\/li>\n<\/ul>\n<p><strong>Kitul de pornire CareSens Dual include:<\/strong><\/p>\n<ul>\n<li>CareSens Dual Glucometer 1 bucat\u0103,<\/li>\n<li>CareSens Pro benzi de testare a glicemiei 10 buc.<\/li>\n<li>Dispozitiv CareSens Pro Lancet 1 bucat\u0103.<\/li>\n<li>Lancet\u0103 CareSens Pro 10 buc.<\/li>\n<\/ul>","protected":false},"excerpt":{"rendered":"<p>Measuring ketones and blood glucose in your blood is now quick and easy! CareSens Dual is a small, automatically backlit, high-capacity glucometer for measuring \u03b2-ketones and blood glucose in blood. No coding or setup required &#8211; 100% test ready. The CareSens Dual glucometer can be&#8230;<\/p>","protected":false},"featured_media":7231,"comment_status":"closed","ping_status":"closed","template":"","meta":[],"etheme_brands":[],"product_brand":[],"product_cat":[88,96],"product_tag":[],"class_list":{"0":"post-7229","1":"product","2":"type-product","3":"status-publish","4":"has-post-thumbnail","6":"product_cat-accessories","7":"product_cat-blood-glucose-meters","9":"first","10":"outofstock","11":"shipping-taxable","12":"purchasable","13":"product-type-simple"},"aioseo_notices":[],"_links":{"self":[{"href":"https:\/\/dia24.eu\/ro\/wp-json\/wp\/v2\/product\/7229","targetHints":{"allow":["GET"]}}],"collection":[{"href":"https:\/\/dia24.eu\/ro\/wp-json\/wp\/v2\/product"}],"about":[{"href":"https:\/\/dia24.eu\/ro\/wp-json\/wp\/v2\/types\/product"}],"replies":[{"embeddable":true,"href":"https:\/\/dia24.eu\/ro\/wp-json\/wp\/v2\/comments?post=7229"}],"version-history":[{"count":1,"href":"https:\/\/dia24.eu\/ro\/wp-json\/wp\/v2\/product\/7229\/revisions"}],"predecessor-version":[{"id":7232,"href":"https:\/\/dia24.eu\/ro\/wp-json\/wp\/v2\/product\/7229\/revisions\/7232"}],"wp:featuredmedia":[{"embeddable":true,"href":"https:\/\/dia24.eu\/ro\/wp-json\/wp\/v2\/media\/7231"}],"wp:attachment":[{"href":"https:\/\/dia24.eu\/ro\/wp-json\/wp\/v2\/media?parent=7229"}],"wp:term":[{"taxonomy":"brand","embeddable":true,"href":"https:\/\/dia24.eu\/ro\/wp-json\/wp\/v2\/etheme_brands?post=7229"},{"taxonomy":"product_brand","embeddable":true,"href":"https:\/\/dia24.eu\/ro\/wp-json\/wp\/v2\/product_brand?post=7229"},{"taxonomy":"product_cat","embeddable":true,"href":"https:\/\/dia24.eu\/ro\/wp-json\/wp\/v2\/product_cat?post=7229"},{"taxonomy":"product_tag","embeddable":true,"href":"https:\/\/dia24.eu\/ro\/wp-json\/wp\/v2\/product_tag?post=7229"}],"curies":[{"name":"wp","href":"https:\/\/api.w.org\/{rel}","templated":true}]}}