{"id":7233,"date":"2023-02-08T18:37:04","date_gmt":"2023-02-08T16:37:04","guid":{"rendered":"https:\/\/dia24.eu\/?post_type=product&#038;p=7233"},"modified":"2023-05-21T01:55:58","modified_gmt":"2023-05-20T22:55:58","slug":"caresens-n-premier","status":"publish","type":"product","link":"https:\/\/dia24.eu\/ro\/product\/caresens-n-premier\/","title":{"rendered":"CareSens N Premier"},"content":{"rendered":"<p>CareSens N Premier este un glucometru de mici dimensiuni, cu retroiluminare automat\u0103, cu o capacitate mare de memorie. Nu necesit\u0103 codificare sau configurare - 100% gata de testare. Func\u021bioneaz\u0103 cu benzile de testare CareSens N.<\/p>\n<ul>\n<li>Un indicator al hipoglicemiei;<\/li>\n<li>glucometrul este echipat cu un ejector de benzi de testare;<\/li>\n<li>Domeniul de m\u0103surare: 1,1-33,3 mmol\/L;<\/li>\n<li>4 alarme reglabile (1 dup\u0103 mas\u0103, 3 selectabile liber);<\/li>\n<li>retroiluminare automat\u0103 a ecranului LCD;<\/li>\n<li>alarm\u0103 de expirare a benzilor de testare;<\/li>\n<li>Suport Bluetooth pentru trimiterea rezultatelor glicemiei c\u0103tre un smartphone. Aplica\u021bia mobil\u0103 SmartLogTM pentru \u00eenregistrarea datelor poate fi desc\u0103rcat\u0103 at\u00e2t pentru smartphone-urile Android, c\u00e2t \u0219i pentru cele iOS (<strong><a href=\"https:\/\/www.youtube.com\/watch?v=REewfDgRynI\">vezi video introductiv<\/a><\/strong>);<\/li>\n<li>\u00eenregistreaz\u0103 temperatura ambiant\u0103 \u00eempreun\u0103 cu rezultatele testului;<\/li>\n<li>medii de 1, 7, 14, 30, 90 de zile (total, \u00eenainte\/dup\u0103 mese);<\/li>\n<li>volumul de s\u00e2nge pentru analiz\u0103: 0,5 \u03bcl;<\/li>\n<li>S\u00e2nge pentru analiz\u0103: s\u00e2nge capilar proasp\u0103t din \u00eentregul corp;<\/li>\n<li>timp de m\u0103surare: 5 secunde;<\/li>\n<li>memorie: 1000 de analize;<\/li>\n<li>dup\u0103 mas\u0103, \u00eenainte de mas\u0103, s\u00e2ngele la post \u0219i indica\u021bia solu\u021biei de testare;<\/li>\n<\/ul>\n<p>&nbsp;<\/p>","protected":false},"excerpt":{"rendered":"<p>CareSens N Premier este un glucometru de mici dimensiuni, cu retroiluminare automat\u0103, cu o capacitate mare de memorie.<\/p>","protected":false},"featured_media":7234,"comment_status":"closed","ping_status":"closed","template":"","meta":[],"etheme_brands":[],"product_brand":[],"product_cat":[88,96],"product_tag":[],"class_list":{"0":"post-7233","1":"product","2":"type-product","3":"status-publish","4":"has-post-thumbnail","6":"product_cat-accessories","7":"product_cat-blood-glucose-meters","9":"first","10":"outofstock","11":"shipping-taxable","12":"purchasable","13":"product-type-simple"},"aioseo_notices":[],"_links":{"self":[{"href":"https:\/\/dia24.eu\/ro\/wp-json\/wp\/v2\/product\/7233","targetHints":{"allow":["GET"]}}],"collection":[{"href":"https:\/\/dia24.eu\/ro\/wp-json\/wp\/v2\/product"}],"about":[{"href":"https:\/\/dia24.eu\/ro\/wp-json\/wp\/v2\/types\/product"}],"replies":[{"embeddable":true,"href":"https:\/\/dia24.eu\/ro\/wp-json\/wp\/v2\/comments?post=7233"}],"version-history":[{"count":1,"href":"https:\/\/dia24.eu\/ro\/wp-json\/wp\/v2\/product\/7233\/revisions"}],"predecessor-version":[{"id":7235,"href":"https:\/\/dia24.eu\/ro\/wp-json\/wp\/v2\/product\/7233\/revisions\/7235"}],"wp:featuredmedia":[{"embeddable":true,"href":"https:\/\/dia24.eu\/ro\/wp-json\/wp\/v2\/media\/7234"}],"wp:attachment":[{"href":"https:\/\/dia24.eu\/ro\/wp-json\/wp\/v2\/media?parent=7233"}],"wp:term":[{"taxonomy":"brand","embeddable":true,"href":"https:\/\/dia24.eu\/ro\/wp-json\/wp\/v2\/etheme_brands?post=7233"},{"taxonomy":"product_brand","embeddable":true,"href":"https:\/\/dia24.eu\/ro\/wp-json\/wp\/v2\/product_brand?post=7233"},{"taxonomy":"product_cat","embeddable":true,"href":"https:\/\/dia24.eu\/ro\/wp-json\/wp\/v2\/product_cat?post=7233"},{"taxonomy":"product_tag","embeddable":true,"href":"https:\/\/dia24.eu\/ro\/wp-json\/wp\/v2\/product_tag?post=7233"}],"curies":[{"name":"wp","href":"https:\/\/api.w.org\/{rel}","templated":true}]}}