{"id":7236,"date":"2023-02-08T18:42:19","date_gmt":"2023-02-08T16:42:19","guid":{"rendered":"https:\/\/dia24.eu\/?post_type=product&#038;p=7236"},"modified":"2024-07-29T20:05:02","modified_gmt":"2024-07-29T17:05:02","slug":"caresens-n-blood-glucose-test-strips-n50","status":"publish","type":"product","link":"https:\/\/dia24.eu\/ro\/product\/caresens-n-blood-glucose-test-strips-n50\/","title":{"rendered":"CareSens N Benzile de testare a glicemiei N50"},"content":{"rendered":"<p>Benzile de testare pentru glucometru CareSens N nu con\u021bin coduri \u0219i sunt concepute pentru a fi utilizate cu glucometrele CareSens N Premier \u0219i CareSens N POP. Benzile de testare pentru glucometru sunt de tip aspirator (aspir\u0103 ele \u00eensele o cantitate suficient\u0103 de s\u00e2nge). Cutia con\u021bine 50 de benzi de testare.<\/p>\n<p>Pentru efectuarea testului este necesar\u0103 doar o cantitate foarte mic\u0103 de s\u00e2nge - 0,5 \u03bcl - iar rezultatul dureaz\u0103 doar 5 secunde. Benzile de testare pentru glucometru sunt de tip aspirat - acestea autoaspir\u0103 o cantitate suficient\u0103 de s\u00e2nge. Benzile de testare au, de asemenea, o fereastr\u0103 special\u0103 de control care v\u0103 permite s\u0103 verifica\u021bi dac\u0103 banda are suficient s\u00e2nge.<\/p>","protected":false},"excerpt":{"rendered":"<p>Benzile de testare pentru glucometru CareSens N<\/p>","protected":false},"featured_media":7237,"comment_status":"closed","ping_status":"closed","template":"","meta":[],"etheme_brands":[],"product_brand":[],"product_cat":[88,96],"product_tag":[],"class_list":{"0":"post-7236","1":"product","2":"type-product","3":"status-publish","4":"has-post-thumbnail","6":"product_cat-accessories","7":"product_cat-blood-glucose-meters","9":"first","10":"outofstock","11":"shipping-taxable","12":"purchasable","13":"product-type-simple"},"aioseo_notices":[],"_links":{"self":[{"href":"https:\/\/dia24.eu\/ro\/wp-json\/wp\/v2\/product\/7236","targetHints":{"allow":["GET"]}}],"collection":[{"href":"https:\/\/dia24.eu\/ro\/wp-json\/wp\/v2\/product"}],"about":[{"href":"https:\/\/dia24.eu\/ro\/wp-json\/wp\/v2\/types\/product"}],"replies":[{"embeddable":true,"href":"https:\/\/dia24.eu\/ro\/wp-json\/wp\/v2\/comments?post=7236"}],"version-history":[{"count":1,"href":"https:\/\/dia24.eu\/ro\/wp-json\/wp\/v2\/product\/7236\/revisions"}],"predecessor-version":[{"id":7238,"href":"https:\/\/dia24.eu\/ro\/wp-json\/wp\/v2\/product\/7236\/revisions\/7238"}],"wp:featuredmedia":[{"embeddable":true,"href":"https:\/\/dia24.eu\/ro\/wp-json\/wp\/v2\/media\/7237"}],"wp:attachment":[{"href":"https:\/\/dia24.eu\/ro\/wp-json\/wp\/v2\/media?parent=7236"}],"wp:term":[{"taxonomy":"brand","embeddable":true,"href":"https:\/\/dia24.eu\/ro\/wp-json\/wp\/v2\/etheme_brands?post=7236"},{"taxonomy":"product_brand","embeddable":true,"href":"https:\/\/dia24.eu\/ro\/wp-json\/wp\/v2\/product_brand?post=7236"},{"taxonomy":"product_cat","embeddable":true,"href":"https:\/\/dia24.eu\/ro\/wp-json\/wp\/v2\/product_cat?post=7236"},{"taxonomy":"product_tag","embeddable":true,"href":"https:\/\/dia24.eu\/ro\/wp-json\/wp\/v2\/product_tag?post=7236"}],"curies":[{"name":"wp","href":"https:\/\/api.w.org\/{rel}","templated":true}]}}