{"id":7239,"date":"2023-02-08T18:45:07","date_gmt":"2023-02-08T16:45:07","guid":{"rendered":"https:\/\/dia24.eu\/?post_type=product&#038;p=7239"},"modified":"2024-07-29T20:04:56","modified_gmt":"2024-07-29T17:04:56","slug":"caresens-pro-blood-glucose-test-strips-n50","status":"publish","type":"product","link":"https:\/\/dia24.eu\/ro\/product\/caresens-pro-blood-glucose-test-strips-n50\/","title":{"rendered":"CareSens Pro Benzile de testare a glicemiei N50"},"content":{"rendered":"<p>Benzile de testare pentru glucometru CareSens PRO sunt f\u0103r\u0103 cod \u0219i sunt de tip aspirator (aspir\u0103 singure o cantitate suficient\u0103 de s\u00e2nge). Cutia con\u021bine 50 de benzi de testare.<\/p>\n<p>Pentru testare este necesar\u0103 doar o cantitate foarte mic\u0103 de s\u00e2nge - 0,4\u03bcl - \u0219i dureaz\u0103 doar 5 secunde pentru a ob\u021bine un rezultat.<br \/>\nBenzile de testare au, de asemenea, o fereastr\u0103 special\u0103 de control pentru a verifica dac\u0103 banda are suficient s\u00e2nge.<\/p>","protected":false},"excerpt":{"rendered":"<p>Benzile de testare pentru glucometru CareSens PRO sunt concepute pentru a fi utilizate cu glucometrul CareSens Dual.<\/p>","protected":false},"featured_media":7240,"comment_status":"closed","ping_status":"closed","template":"","meta":[],"etheme_brands":[],"product_brand":[],"product_cat":[88,96],"product_tag":[],"class_list":{"0":"post-7239","1":"product","2":"type-product","3":"status-publish","4":"has-post-thumbnail","6":"product_cat-accessories","7":"product_cat-blood-glucose-meters","9":"first","10":"outofstock","11":"shipping-taxable","12":"purchasable","13":"product-type-simple"},"aioseo_notices":[],"_links":{"self":[{"href":"https:\/\/dia24.eu\/ro\/wp-json\/wp\/v2\/product\/7239","targetHints":{"allow":["GET"]}}],"collection":[{"href":"https:\/\/dia24.eu\/ro\/wp-json\/wp\/v2\/product"}],"about":[{"href":"https:\/\/dia24.eu\/ro\/wp-json\/wp\/v2\/types\/product"}],"replies":[{"embeddable":true,"href":"https:\/\/dia24.eu\/ro\/wp-json\/wp\/v2\/comments?post=7239"}],"version-history":[{"count":1,"href":"https:\/\/dia24.eu\/ro\/wp-json\/wp\/v2\/product\/7239\/revisions"}],"predecessor-version":[{"id":7242,"href":"https:\/\/dia24.eu\/ro\/wp-json\/wp\/v2\/product\/7239\/revisions\/7242"}],"wp:featuredmedia":[{"embeddable":true,"href":"https:\/\/dia24.eu\/ro\/wp-json\/wp\/v2\/media\/7240"}],"wp:attachment":[{"href":"https:\/\/dia24.eu\/ro\/wp-json\/wp\/v2\/media?parent=7239"}],"wp:term":[{"taxonomy":"brand","embeddable":true,"href":"https:\/\/dia24.eu\/ro\/wp-json\/wp\/v2\/etheme_brands?post=7239"},{"taxonomy":"product_brand","embeddable":true,"href":"https:\/\/dia24.eu\/ro\/wp-json\/wp\/v2\/product_brand?post=7239"},{"taxonomy":"product_cat","embeddable":true,"href":"https:\/\/dia24.eu\/ro\/wp-json\/wp\/v2\/product_cat?post=7239"},{"taxonomy":"product_tag","embeddable":true,"href":"https:\/\/dia24.eu\/ro\/wp-json\/wp\/v2\/product_tag?post=7239"}],"curies":[{"name":"wp","href":"https:\/\/api.w.org\/{rel}","templated":true}]}}