{"id":7243,"date":"2023-02-08T18:52:15","date_gmt":"2023-02-08T16:52:15","guid":{"rendered":"https:\/\/dia24.eu\/?post_type=product&#038;p=7243"},"modified":"2025-05-29T18:48:36","modified_gmt":"2025-05-29T15:48:36","slug":"ketosens-blood-%ce%b2-ketone-test-strips-n10","status":"publish","type":"product","link":"https:\/\/dia24.eu\/ro\/product\/ketosens-blood-%ce%b2-ketone-test-strips-n10\/","title":{"rendered":"Benzile de testare a \u03b2-cetonei din s\u00e2nge KetoSens N10"},"content":{"rendered":"<p>Benzile de testare a \u03b2-cetonului din s\u00e2nge KetoSens sunt concepute pentru a fi utilizate cu <strong><a href=\"https:\/\/dia24.eu\/ro\/product\/caresens-dual-for-the-measurement-of-%ce%b2-ketones\/\">Glucometru dublu CareSens Dual<\/a><\/strong>.<br \/>\nBenzile de testare KetoSens v\u0103 permit s\u0103 m\u0103sura\u021bi rapid \u0219i u\u0219or nivelul de \u03b2-ceton\u0103 din s\u00e2nge. Tot ce ave\u021bi nevoie este o cantitate mic\u0103 de prob\u0103 de s\u00e2nge \u0219i pute\u021bi vedea rezultatele \u00een 8 secunde.<\/p>\n<p>Benzile de testare KetoSens sunt f\u0103r\u0103 cod \u0219i sunt de tip aspirator (aspir\u0103 singure o cantitate suficient\u0103 de s\u00e2nge).<\/p>\n<p>The <strong>cutia con\u021bine 10 benzi de testare<\/strong>, \u00eenvelite individual \u00een folie de aluminiu.<\/p>\n<p>Pentru utilizare NUMAI cu <strong><a href=\"https:\/\/dia24.eu\/ro\/product\/caresens-dual-for-the-measurement-of-%ce%b2-ketones\/\">CareSens Dual<\/a><\/strong> dispozitiv de m\u0103surare.<\/p>","protected":false},"excerpt":{"rendered":"<p>Benzile de testare a \u03b2-cetonului din s\u00e2nge KetoSens sunt concepute pentru a fi utilizate cu glucometrul CareSens Dual Glucometer.<\/p>","protected":false},"featured_media":7244,"comment_status":"closed","ping_status":"closed","template":"","meta":[],"etheme_brands":[],"product_brand":[],"product_cat":[88,96],"product_tag":[],"class_list":{"0":"post-7243","1":"product","2":"type-product","3":"status-publish","4":"has-post-thumbnail","6":"product_cat-accessories","7":"product_cat-blood-glucose-meters","9":"first","10":"instock","11":"shipping-taxable","12":"purchasable","13":"product-type-simple"},"aioseo_notices":[],"_links":{"self":[{"href":"https:\/\/dia24.eu\/ro\/wp-json\/wp\/v2\/product\/7243","targetHints":{"allow":["GET"]}}],"collection":[{"href":"https:\/\/dia24.eu\/ro\/wp-json\/wp\/v2\/product"}],"about":[{"href":"https:\/\/dia24.eu\/ro\/wp-json\/wp\/v2\/types\/product"}],"replies":[{"embeddable":true,"href":"https:\/\/dia24.eu\/ro\/wp-json\/wp\/v2\/comments?post=7243"}],"version-history":[{"count":1,"href":"https:\/\/dia24.eu\/ro\/wp-json\/wp\/v2\/product\/7243\/revisions"}],"predecessor-version":[{"id":7245,"href":"https:\/\/dia24.eu\/ro\/wp-json\/wp\/v2\/product\/7243\/revisions\/7245"}],"wp:featuredmedia":[{"embeddable":true,"href":"https:\/\/dia24.eu\/ro\/wp-json\/wp\/v2\/media\/7244"}],"wp:attachment":[{"href":"https:\/\/dia24.eu\/ro\/wp-json\/wp\/v2\/media?parent=7243"}],"wp:term":[{"taxonomy":"brand","embeddable":true,"href":"https:\/\/dia24.eu\/ro\/wp-json\/wp\/v2\/etheme_brands?post=7243"},{"taxonomy":"product_brand","embeddable":true,"href":"https:\/\/dia24.eu\/ro\/wp-json\/wp\/v2\/product_brand?post=7243"},{"taxonomy":"product_cat","embeddable":true,"href":"https:\/\/dia24.eu\/ro\/wp-json\/wp\/v2\/product_cat?post=7243"},{"taxonomy":"product_tag","embeddable":true,"href":"https:\/\/dia24.eu\/ro\/wp-json\/wp\/v2\/product_tag?post=7243"}],"curies":[{"name":"wp","href":"https:\/\/api.w.org\/{rel}","templated":true}]}}