{"id":7265,"date":"2023-02-08T19:35:37","date_gmt":"2023-02-08T17:35:37","guid":{"rendered":"https:\/\/dia24.eu\/?post_type=product&#038;p=7265"},"modified":"2024-11-23T14:55:03","modified_gmt":"2024-11-23T12:55:03","slug":"clickfine-diamondtip-31g-6mm-n100","status":"publish","type":"product","link":"https:\/\/dia24.eu\/ro\/product\/clickfine-diamondtip-31g-6mm-n100\/","title":{"rendered":"Clickfine DiamondTip 31G 6mm N100"},"content":{"rendered":"<p><strong>Un v\u00e2rf al acului cu 6 muchii cu muchie, bazat pe o tehnologie complet nou\u0103, pentru un ac de injec\u021bie mai neted, care face ca injectarea s\u0103 fie mai confortabil\u0103, mai rapid\u0103 \u0219i adesea mai nedureroas\u0103!<\/strong><\/p>\n<ul>\n<li>V\u00e2rf de ac cu 6 muchii pentru o injec\u021bie mai lin\u0103<\/li>\n<li>Pere\u021bi sub\u021biri ai canulei pentru un flux mai rapid<\/li>\n<li>Tratamentul special al suprafe\u021bei cu silicon ajut\u0103 acul s\u0103 alunece mai u\u0219or.<\/li>\n<li>Tehnologie Click pentru o potrivire u\u0219oar\u0103 \u0219i sigur\u0103<\/li>\n<li>Compatibil cu toate m\u0103rcile majore de creioane \u0219i disponibil \u00een lungimi de 4, 5, 6 \u0219i 8 mm.<\/li>\n<li>Proiectat \u0219i fabricat \u00een Elve\u021bia.<\/li>\n<\/ul>","protected":false},"excerpt":{"rendered":"<p>Un ac de insulin\u0103 cu v\u00e2rf cu 6 bisturiu bazat pe o tehnologie complet nou\u0103 care face ca injectarea s\u0103 fie mai confortabil\u0103, mai rapid\u0103 \u0219i adesea mai nedureroas\u0103! Convenabil pentru a fi introdus cu un singur clic. Fabricat \u00een Elve\u021bia.<\/p>","protected":false},"featured_media":7266,"comment_status":"closed","ping_status":"closed","template":"","meta":[],"etheme_brands":[],"product_brand":[],"product_cat":[88,97],"product_tag":[],"class_list":{"0":"post-7265","1":"product","2":"type-product","3":"status-publish","4":"has-post-thumbnail","6":"product_cat-accessories","7":"product_cat-insulin-pen-needles","9":"first","10":"instock","11":"shipping-taxable","12":"purchasable","13":"product-type-simple"},"aioseo_notices":[],"_links":{"self":[{"href":"https:\/\/dia24.eu\/ro\/wp-json\/wp\/v2\/product\/7265","targetHints":{"allow":["GET"]}}],"collection":[{"href":"https:\/\/dia24.eu\/ro\/wp-json\/wp\/v2\/product"}],"about":[{"href":"https:\/\/dia24.eu\/ro\/wp-json\/wp\/v2\/types\/product"}],"replies":[{"embeddable":true,"href":"https:\/\/dia24.eu\/ro\/wp-json\/wp\/v2\/comments?post=7265"}],"version-history":[{"count":1,"href":"https:\/\/dia24.eu\/ro\/wp-json\/wp\/v2\/product\/7265\/revisions"}],"predecessor-version":[{"id":7268,"href":"https:\/\/dia24.eu\/ro\/wp-json\/wp\/v2\/product\/7265\/revisions\/7268"}],"wp:featuredmedia":[{"embeddable":true,"href":"https:\/\/dia24.eu\/ro\/wp-json\/wp\/v2\/media\/7266"}],"wp:attachment":[{"href":"https:\/\/dia24.eu\/ro\/wp-json\/wp\/v2\/media?parent=7265"}],"wp:term":[{"taxonomy":"brand","embeddable":true,"href":"https:\/\/dia24.eu\/ro\/wp-json\/wp\/v2\/etheme_brands?post=7265"},{"taxonomy":"product_brand","embeddable":true,"href":"https:\/\/dia24.eu\/ro\/wp-json\/wp\/v2\/product_brand?post=7265"},{"taxonomy":"product_cat","embeddable":true,"href":"https:\/\/dia24.eu\/ro\/wp-json\/wp\/v2\/product_cat?post=7265"},{"taxonomy":"product_tag","embeddable":true,"href":"https:\/\/dia24.eu\/ro\/wp-json\/wp\/v2\/product_tag?post=7265"}],"curies":[{"name":"wp","href":"https:\/\/api.w.org\/{rel}","templated":true}]}}