{"id":7276,"date":"2023-02-08T20:07:06","date_gmt":"2023-02-08T18:07:06","guid":{"rendered":"https:\/\/dia24.eu\/?post_type=product&#038;p=7276"},"modified":"2024-07-29T20:03:43","modified_gmt":"2024-07-29T17:03:43","slug":"cutasept-f-skin-disinfection-spray","status":"publish","type":"product","link":"https:\/\/dia24.eu\/ro\/product\/cutasept-f-skin-disinfection-spray\/","title":{"rendered":"Spray pentru dezinfectarea pielii Cutasept F"},"content":{"rendered":"<p>Antiseptic cutanat pentru utilizare \u00eenainte de injec\u021bii, \u00een\u021bep\u0103turi \u0219i proceduri chirurgicale, cu ac\u021biune rapid\u0103 \u0219i ampl\u0103.<\/p>\n<p>Microbiologic: bactericid, antiinfec\u021bios, antituberculocid, virucid, virucid \u00eempotriva virusurilor \u00eenvelite.<\/p>\n<p>Domeniu de aplicare:<br \/>\nCutasept F este recomandat pentru utilizare:pentru antisepsia pielii \u00eenainte de injec\u021bii, \u00een\u021bep\u0103turi \u0219i proceduri chirurgicale, \u00een spitale, cabinete medicale, geriatrie \u0219i dializ\u0103 la domiciliu. Persoanelor cu diabet \u00eenainte de testarea glicemiei sau \u00eenainte de injec\u021biile cu insulin\u0103.<\/p>\n<p><strong>Substan\u021be active \u0219i concentra\u021bia acestora<\/strong><br \/>\nSubstan\u021be active la 100 g de solu\u021bie:<\/p>\n<ul>\n<li>Propan-2-ol\/isopropanol 63g<\/li>\n<li>Sare de amoniu cuaternar, clorur\u0103 de benzil C12-18 alchil dimetil 0,025g<\/li>\n<\/ul>\n<p>Procentul \u00een volum al con\u021binutului de etanol (% vol.): 72%<\/p>","protected":false},"excerpt":{"rendered":"<p>Dezinfectant incolor pentru piele, prietenos cu pielea.<\/p>","protected":false},"featured_media":8056,"comment_status":"closed","ping_status":"closed","template":"","meta":[],"etheme_brands":[],"product_brand":[],"product_cat":[83,85],"product_tag":[],"class_list":{"0":"post-7276","1":"product","2":"type-product","3":"status-publish","4":"has-post-thumbnail","6":"product_cat-first-aid-and-care","7":"product_cat-antiseptics","9":"first","10":"outofstock","11":"shipping-taxable","12":"purchasable","13":"product-type-simple"},"aioseo_notices":[],"_links":{"self":[{"href":"https:\/\/dia24.eu\/ro\/wp-json\/wp\/v2\/product\/7276","targetHints":{"allow":["GET"]}}],"collection":[{"href":"https:\/\/dia24.eu\/ro\/wp-json\/wp\/v2\/product"}],"about":[{"href":"https:\/\/dia24.eu\/ro\/wp-json\/wp\/v2\/types\/product"}],"replies":[{"embeddable":true,"href":"https:\/\/dia24.eu\/ro\/wp-json\/wp\/v2\/comments?post=7276"}],"version-history":[{"count":1,"href":"https:\/\/dia24.eu\/ro\/wp-json\/wp\/v2\/product\/7276\/revisions"}],"predecessor-version":[{"id":7278,"href":"https:\/\/dia24.eu\/ro\/wp-json\/wp\/v2\/product\/7276\/revisions\/7278"}],"wp:featuredmedia":[{"embeddable":true,"href":"https:\/\/dia24.eu\/ro\/wp-json\/wp\/v2\/media\/8056"}],"wp:attachment":[{"href":"https:\/\/dia24.eu\/ro\/wp-json\/wp\/v2\/media?parent=7276"}],"wp:term":[{"taxonomy":"brand","embeddable":true,"href":"https:\/\/dia24.eu\/ro\/wp-json\/wp\/v2\/etheme_brands?post=7276"},{"taxonomy":"product_brand","embeddable":true,"href":"https:\/\/dia24.eu\/ro\/wp-json\/wp\/v2\/product_brand?post=7276"},{"taxonomy":"product_cat","embeddable":true,"href":"https:\/\/dia24.eu\/ro\/wp-json\/wp\/v2\/product_cat?post=7276"},{"taxonomy":"product_tag","embeddable":true,"href":"https:\/\/dia24.eu\/ro\/wp-json\/wp\/v2\/product_tag?post=7276"}],"curies":[{"name":"wp","href":"https:\/\/api.w.org\/{rel}","templated":true}]}}