{"id":7279,"date":"2023-02-08T20:20:02","date_gmt":"2023-02-08T18:20:02","guid":{"rendered":"https:\/\/dia24.eu\/?post_type=product&#038;p=7279"},"modified":"2024-11-23T14:53:16","modified_gmt":"2024-11-23T12:53:16","slug":"limisanpro-medical-adhesive-remover-50ml","status":"publish","type":"product","link":"https:\/\/dia24.eu\/ro\/product\/limisanpro-medical-adhesive-remover-50ml\/","title":{"rendered":"LimisanPRO Medical Adhesive Remover 50ml"},"content":{"rendered":"<p>Limisan este un produs care poate fi folosit pentru a \u00eendep\u0103rta diferite tipuri de pete. Acesta este conceput pentru a face \u00eendep\u0103rtarea tuturor tipurilor de plasturi (inclusiv a benzilor adezive, a bandajelor \u0219i a plasturilor medicali) u\u0219oar\u0103, nedureroas\u0103 \u0219i netraumatic\u0103.<\/p>\n<p>Acest produs prietenos cu pielea poate contribui la vindecarea r\u0103nilor prin reducerea deterior\u0103rii pielii \u0219i a zonei r\u0103nite cauzate de \u00eendep\u0103rtarea plasturilor \u0219i a pansamentelor f\u0103r\u0103 Limisan.<br \/>\nLimisan este un spray u\u0219or de utilizat \u0219i care ac\u021bioneaz\u0103 imediat.<\/p>\n<ul>\n<li>De asemenea, spray-ul poate fi folosit cu capul \u00een jos.<\/li>\n<li>Limisan este foarte delicat cu pielea \u0219i nu ustur\u0103!<\/li>\n<li>Limisan se usuc\u0103 foarte repede pe piele \u0219i, prin urmare, nu afecteaz\u0103 aderen\u021ba noului plasture atunci c\u00e2nd este aplicat.<\/li>\n<\/ul>","protected":false},"excerpt":{"rendered":"<p>\u00cendep\u0103rtarea adezivului prietenos cu pielea<\/p>","protected":false},"featured_media":8055,"comment_status":"closed","ping_status":"closed","template":"","meta":[],"etheme_brands":[],"product_brand":[],"product_cat":[78,81],"product_tag":[],"class_list":{"0":"post-7279","1":"product","2":"type-product","3":"status-publish","4":"has-post-thumbnail","6":"product_cat-glucose-sensors-cgm","7":"product_cat-adhesive-removers","9":"first","10":"instock","11":"shipping-taxable","12":"purchasable","13":"product-type-simple"},"aioseo_notices":[],"_links":{"self":[{"href":"https:\/\/dia24.eu\/ro\/wp-json\/wp\/v2\/product\/7279","targetHints":{"allow":["GET"]}}],"collection":[{"href":"https:\/\/dia24.eu\/ro\/wp-json\/wp\/v2\/product"}],"about":[{"href":"https:\/\/dia24.eu\/ro\/wp-json\/wp\/v2\/types\/product"}],"replies":[{"embeddable":true,"href":"https:\/\/dia24.eu\/ro\/wp-json\/wp\/v2\/comments?post=7279"}],"version-history":[{"count":1,"href":"https:\/\/dia24.eu\/ro\/wp-json\/wp\/v2\/product\/7279\/revisions"}],"predecessor-version":[{"id":7281,"href":"https:\/\/dia24.eu\/ro\/wp-json\/wp\/v2\/product\/7279\/revisions\/7281"}],"wp:featuredmedia":[{"embeddable":true,"href":"https:\/\/dia24.eu\/ro\/wp-json\/wp\/v2\/media\/8055"}],"wp:attachment":[{"href":"https:\/\/dia24.eu\/ro\/wp-json\/wp\/v2\/media?parent=7279"}],"wp:term":[{"taxonomy":"brand","embeddable":true,"href":"https:\/\/dia24.eu\/ro\/wp-json\/wp\/v2\/etheme_brands?post=7279"},{"taxonomy":"product_brand","embeddable":true,"href":"https:\/\/dia24.eu\/ro\/wp-json\/wp\/v2\/product_brand?post=7279"},{"taxonomy":"product_cat","embeddable":true,"href":"https:\/\/dia24.eu\/ro\/wp-json\/wp\/v2\/product_cat?post=7279"},{"taxonomy":"product_tag","embeddable":true,"href":"https:\/\/dia24.eu\/ro\/wp-json\/wp\/v2\/product_tag?post=7279"}],"curies":[{"name":"wp","href":"https:\/\/api.w.org\/{rel}","templated":true}]}}