{"id":7285,"date":"2023-02-08T20:35:58","date_gmt":"2023-02-08T18:35:58","guid":{"rendered":"https:\/\/dia24.eu\/?post_type=product&#038;p=7285"},"modified":"2026-02-09T02:44:40","modified_gmt":"2026-02-09T00:44:40","slug":"novopen-echo-plus-smart-insulin-pen-nfc-xdrip-memory","status":"publish","type":"product","link":"https:\/\/dia24.eu\/ro\/product\/novopen-echo-plus-smart-insulin-pen-nfc-xdrip-memory\/","title":{"rendered":"Novopen Echo Plus Smart Insulin Pen [NFC, xDrip+, memorie]"},"content":{"rendered":"<p>NovoPen Echo\u00ae Plus este un dispozitiv de injectare reutilizabil destinat utiliz\u0103rii individuale de c\u0103tre un pacient diabetic pentru a-\u0219i injecta insulina. Dispozitivul de injectare poate fi utilizat cu fiolele cu piston de insulin\u0103 Novo Nordisk \u0219i cu acele de unic\u0103 folosin\u021b\u0103 (furnizate separat).<\/p>\n<p>Utilizatorul poate selecta doza de insulin\u0103 de pe dispozitivul de injec\u021bie cu o precizie de jum\u0103tate de unitate \u00eentre 0,5 \u0219i 30 de unit\u0103\u021bi.<\/p>\n<p>Injectorul are o memorie electronic\u0103 care afi\u0219eaz\u0103 \u0219i ajut\u0103 astfel la memorarea num\u0103rului de unit\u0103\u021bi administrate ultima dat\u0103 \u0219i a orei de injectare. Memoria ajut\u0103 la evitarea omisiunilor \u0219i a dublei administr\u0103ri.<br \/>\nCa o inova\u021bie, injectorul este compatibil pentru comunicarea de date cu dispozitivele care accept\u0103 comunicarea \u00een apropierea c\u00e2mpului (NFC). Acest lucru permite injectorului s\u0103 transmit\u0103 date de la injector privind orele de injectare \u0219i volumele injectate \u00een ultimele trei luni c\u0103tre un telefon, un computer etc., permi\u021b\u00e2nd, de exemplu, medicului s\u0103 compare datele de administrare a insulinei cu citirile glicemiei pentru a ajusta tratamentul. \u00cen esen\u021b\u0103, este un jurnal personal al injec\u021biilor pacientului. De asemenea, permite unui p\u0103rinte s\u0103 urm\u0103reasc\u0103 dac\u0103 \u0219i c\u00e2t de mult\u0103 insulin\u0103 a luat un copil diabetic. Datele sunt \u00eentr-un format u\u0219or de procesat \u0219i sunt compatibile cu datele senzorilor \u0219i glucometrelor. Pentru a desc\u0103rca datele, va trebui s\u0103 instala\u021bi aplica\u021bia corespunz\u0103toare (MySugr, Glooko).<\/p>\n<p>Poate fi utilizat cu cele mai recente versiuni de xDrip, transfer\u0103 cu u\u0219urin\u021b\u0103 datele de injec\u021bie c\u0103tre sistemul de predic\u021bie xDrip.<\/p>","protected":false},"excerpt":{"rendered":"<p>NovoPen Echo\u00ae Plus este un dispozitiv de injectare reutilizabil.<br \/>\nSuport\u0103 conexiuni NFC.<\/p>\n<p>Din cauza disponibilit\u0103\u021bii limitate, <strong>este permis doar 1 articol pe comand\u0103<\/strong>.<\/p>","protected":false},"featured_media":7287,"comment_status":"closed","ping_status":"closed","template":"","meta":[],"etheme_brands":[],"product_brand":[],"product_cat":[88,98],"product_tag":[],"class_list":{"0":"post-7285","1":"product","2":"type-product","3":"status-publish","4":"has-post-thumbnail","6":"product_cat-accessories","7":"product_cat-insulin-pens","9":"first","10":"instock","11":"shipping-taxable","12":"purchasable","13":"product-type-variable","14":"has-default-attributes"},"aioseo_notices":[],"_links":{"self":[{"href":"https:\/\/dia24.eu\/ro\/wp-json\/wp\/v2\/product\/7285","targetHints":{"allow":["GET"]}}],"collection":[{"href":"https:\/\/dia24.eu\/ro\/wp-json\/wp\/v2\/product"}],"about":[{"href":"https:\/\/dia24.eu\/ro\/wp-json\/wp\/v2\/types\/product"}],"replies":[{"embeddable":true,"href":"https:\/\/dia24.eu\/ro\/wp-json\/wp\/v2\/comments?post=7285"}],"version-history":[{"count":8,"href":"https:\/\/dia24.eu\/ro\/wp-json\/wp\/v2\/product\/7285\/revisions"}],"predecessor-version":[{"id":9905,"href":"https:\/\/dia24.eu\/ro\/wp-json\/wp\/v2\/product\/7285\/revisions\/9905"}],"wp:featuredmedia":[{"embeddable":true,"href":"https:\/\/dia24.eu\/ro\/wp-json\/wp\/v2\/media\/7287"}],"wp:attachment":[{"href":"https:\/\/dia24.eu\/ro\/wp-json\/wp\/v2\/media?parent=7285"}],"wp:term":[{"taxonomy":"brand","embeddable":true,"href":"https:\/\/dia24.eu\/ro\/wp-json\/wp\/v2\/etheme_brands?post=7285"},{"taxonomy":"product_brand","embeddable":true,"href":"https:\/\/dia24.eu\/ro\/wp-json\/wp\/v2\/product_brand?post=7285"},{"taxonomy":"product_cat","embeddable":true,"href":"https:\/\/dia24.eu\/ro\/wp-json\/wp\/v2\/product_cat?post=7285"},{"taxonomy":"product_tag","embeddable":true,"href":"https:\/\/dia24.eu\/ro\/wp-json\/wp\/v2\/product_tag?post=7285"}],"curies":[{"name":"wp","href":"https:\/\/api.w.org\/{rel}","templated":true}]}}