{"id":8261,"date":"2023-04-11T15:09:59","date_gmt":"2023-04-11T12:09:59","guid":{"rendered":"https:\/\/dia24.eu\/?post_type=product&#038;p=8261"},"modified":"2025-09-17T22:21:19","modified_gmt":"2025-09-17T19:21:19","slug":"dexcom-one-starter-kit-transmitter-and-sensor","status":"publish","type":"product","link":"https:\/\/dia24.eu\/ro\/product\/dexcom-one-starter-kit-transmitter-and-sensor\/","title":{"rendered":"Dexcom ONE Starter Kit (transmi\u021b\u0103tor + senzor)"},"content":{"rendered":"<p><strong><span style=\"color: #ff0000;\">IMPORTANT!<\/span> Acest sistem de senzori va fi abandonat \u00een prima jum\u0103tate a anului 2025, <\/strong>deoarece produc\u021bia lor va fi oprit\u0103.<br \/>\nAve\u021bi op\u021biunea de a trece la noul <a href=\"https:\/\/dia24.eu\/ro\/product\/dexcom-one-plus\/\"><strong>ONE+<\/strong><\/a> sau al\u021bi senzori.<\/p>\n<p>Pachetul este format din dou\u0103 articole separate:<\/p>\n<ul>\n<li>Senzor Dexcom ONE<\/li>\n<li>Transmi\u021b\u0103tor Dexcom ONE<\/li>\n<\/ul>\n<p>Senzorul Dexcom ONE m\u0103soar\u0103 continuu nivelul de glucoz\u0103.<br \/>\nSenzorul este prev\u0103zut cu un aplicator, ceea ce face ca inser\u021bia s\u0103 fie foarte rapid\u0103 \u0219i simpl\u0103. Senzorul poate fi purtat p\u00e2n\u0103 la 10 zile.<br \/>\nNecesit\u0103 transmi\u021b\u0103torul Dexcom ONE (poate fi achizi\u021bionat separat)<\/p>\n<ul>\n<li>Senzorul poate fi purtat timp de p\u00e2n\u0103 la 10 zile (recomandat)<\/li>\n<li>Vine cu un autoaplicator<\/li>\n<\/ul>\n<p>Transmi\u021b\u0103torul Dexcom ONE se fixeaz\u0103 \u00een senzor \u0219i trimite citirile de glucoz\u0103 \u00een timp real, f\u0103r\u0103 fir, c\u0103tre un smartphone prin Bluetooth. Fiecare transmi\u021b\u0103tor are o durat\u0103 de via\u021b\u0103 a bateriei de 3 luni \u0219i poate fi reutilizat cu mai mul\u021bi senzori.<\/p>\n<ul>\n<li>Durata de via\u021b\u0103 a bateriei de 3 luni<\/li>\n<li>Poate fi reutilizat cu mai mul\u021bi senzori<\/li>\n<li>Aplica\u021bii compatibile: Dexcom ONE \/ xDrip \/ xDrip4iOS<\/li>\n<\/ul>","protected":false},"excerpt":{"rendered":"<p><strong>Ofert\u0103 special\u0103<\/strong><br \/>\nPachet de pornire pentru sistemul de monitorizare continu\u0103 a glicemiei Dexcom ONE, format din 1 transmi\u021b\u0103tor \u0219i 1 senzor.<\/p>\n<p><b>ULTIMUL STOC<\/b><\/p>","protected":false},"featured_media":8276,"comment_status":"open","ping_status":"closed","template":"","meta":[],"etheme_brands":[{"term_id":91,"name":"Dexcom","slug":"dexcom","term_group":0,"term_taxonomy_id":91,"taxonomy":"brand","description":"Dexcom CGM","parent":0,"count":3,"filter":"raw"}],"product_brand":[],"product_cat":[78,79],"product_tag":[],"class_list":{"0":"post-8261","1":"product","2":"type-product","3":"status-publish","4":"has-post-thumbnail","6":"brand-dexcom","7":"product_cat-glucose-sensors-cgm","8":"product_cat-dexcom-one-cgm","10":"first","11":"outofstock","12":"featured","13":"shipping-taxable","14":"purchasable","15":"product-type-simple"},"aioseo_notices":[],"_links":{"self":[{"href":"https:\/\/dia24.eu\/ro\/wp-json\/wp\/v2\/product\/8261","targetHints":{"allow":["GET"]}}],"collection":[{"href":"https:\/\/dia24.eu\/ro\/wp-json\/wp\/v2\/product"}],"about":[{"href":"https:\/\/dia24.eu\/ro\/wp-json\/wp\/v2\/types\/product"}],"replies":[{"embeddable":true,"href":"https:\/\/dia24.eu\/ro\/wp-json\/wp\/v2\/comments?post=8261"}],"version-history":[{"count":13,"href":"https:\/\/dia24.eu\/ro\/wp-json\/wp\/v2\/product\/8261\/revisions"}],"predecessor-version":[{"id":15127,"href":"https:\/\/dia24.eu\/ro\/wp-json\/wp\/v2\/product\/8261\/revisions\/15127"}],"wp:featuredmedia":[{"embeddable":true,"href":"https:\/\/dia24.eu\/ro\/wp-json\/wp\/v2\/media\/8276"}],"wp:attachment":[{"href":"https:\/\/dia24.eu\/ro\/wp-json\/wp\/v2\/media?parent=8261"}],"wp:term":[{"taxonomy":"brand","embeddable":true,"href":"https:\/\/dia24.eu\/ro\/wp-json\/wp\/v2\/etheme_brands?post=8261"},{"taxonomy":"product_brand","embeddable":true,"href":"https:\/\/dia24.eu\/ro\/wp-json\/wp\/v2\/product_brand?post=8261"},{"taxonomy":"product_cat","embeddable":true,"href":"https:\/\/dia24.eu\/ro\/wp-json\/wp\/v2\/product_cat?post=8261"},{"taxonomy":"product_tag","embeddable":true,"href":"https:\/\/dia24.eu\/ro\/wp-json\/wp\/v2\/product_tag?post=8261"}],"curies":[{"name":"wp","href":"https:\/\/api.w.org\/{rel}","templated":true}]}}