{"id":8430,"date":"2023-04-24T18:07:54","date_gmt":"2023-04-24T15:07:54","guid":{"rendered":"https:\/\/dia24.eu\/?post_type=product&#038;p=8430"},"modified":"2024-02-06T02:02:12","modified_gmt":"2024-02-06T00:02:12","slug":"dexcom-one-receiver-bluetooth","status":"publish","type":"product","link":"https:\/\/dia24.eu\/ro\/product\/dexcom-one-receiver-bluetooth\/","title":{"rendered":"Receptor Dexcom ONE (Bluetooth)"},"content":{"rendered":"<p>Receptorul Dexcom ONE este potrivit pentru vizualizarea datelor privind glucoza sau, dac\u0103 nu ave\u021bi un dispozitiv inteligent compatibil, le pute\u021bi utiliza pe am\u00e2ndou\u0103 \u00een acela\u0219i timp, dac\u0103 dori\u021bi.<br \/>\nReceptorul trebuie s\u0103 se afle la o distan\u021b\u0103 de 6 metri de transmi\u021b\u0103torul Dexcom ONE pentru o func\u021bionare f\u0103r\u0103 probleme.<\/p>\n<ul>\n<li>Versiunea european\u0103: mmol\/l<\/li>\n<li>Datele receptorului Dexcom ONE pot fi \u00eenc\u0103rcate \u00een Dexcom Clarity de pe computerul dumneavoastr\u0103 cu ajutorul unui cablu USB.<\/li>\n<li>Receptorul este compatibil numai cu transmi\u021b\u0103torul Dexcom ONE.<\/li>\n<\/ul>","protected":false},"excerpt":{"rendered":"<p>Receptorul op\u021bional Dexcom ONE este o modalitate alternativ\u0103 de afi\u0219are a citirilor dac\u0103 nu pute\u021bi utiliza un smartphone sau dac\u0103 nu exist\u0103 un dispozitiv compatibil. Receptorul permite utilizatorului s\u0103 vizualizeze datele \u0219i tendin\u021bele glicemiei \u00een timp real \u00eentr-un receptor dedicat. Receptorul v\u0103 permite s\u0103 vizualiza\u021bi citirile, s\u0103 configura\u021bi \u0219i s\u0103 primi\u021bi alerte \u0219i avertismente privind mi\u0219c\u0103rile glicemiei.<\/p>","protected":false},"featured_media":8431,"comment_status":"open","ping_status":"closed","template":"","meta":[],"etheme_brands":[],"product_brand":[],"product_cat":[78,79],"product_tag":[],"class_list":{"0":"post-8430","1":"product","2":"type-product","3":"status-publish","4":"has-post-thumbnail","6":"product_cat-glucose-sensors-cgm","7":"product_cat-dexcom-one-cgm","9":"first","10":"outofstock","11":"sold-individually","12":"shipping-taxable","13":"purchasable","14":"product-type-simple"},"aioseo_notices":[],"_links":{"self":[{"href":"https:\/\/dia24.eu\/ro\/wp-json\/wp\/v2\/product\/8430","targetHints":{"allow":["GET"]}}],"collection":[{"href":"https:\/\/dia24.eu\/ro\/wp-json\/wp\/v2\/product"}],"about":[{"href":"https:\/\/dia24.eu\/ro\/wp-json\/wp\/v2\/types\/product"}],"replies":[{"embeddable":true,"href":"https:\/\/dia24.eu\/ro\/wp-json\/wp\/v2\/comments?post=8430"}],"version-history":[{"count":5,"href":"https:\/\/dia24.eu\/ro\/wp-json\/wp\/v2\/product\/8430\/revisions"}],"predecessor-version":[{"id":8436,"href":"https:\/\/dia24.eu\/ro\/wp-json\/wp\/v2\/product\/8430\/revisions\/8436"}],"wp:featuredmedia":[{"embeddable":true,"href":"https:\/\/dia24.eu\/ro\/wp-json\/wp\/v2\/media\/8431"}],"wp:attachment":[{"href":"https:\/\/dia24.eu\/ro\/wp-json\/wp\/v2\/media?parent=8430"}],"wp:term":[{"taxonomy":"brand","embeddable":true,"href":"https:\/\/dia24.eu\/ro\/wp-json\/wp\/v2\/etheme_brands?post=8430"},{"taxonomy":"product_brand","embeddable":true,"href":"https:\/\/dia24.eu\/ro\/wp-json\/wp\/v2\/product_brand?post=8430"},{"taxonomy":"product_cat","embeddable":true,"href":"https:\/\/dia24.eu\/ro\/wp-json\/wp\/v2\/product_cat?post=8430"},{"taxonomy":"product_tag","embeddable":true,"href":"https:\/\/dia24.eu\/ro\/wp-json\/wp\/v2\/product_tag?post=8430"}],"curies":[{"name":"wp","href":"https:\/\/api.w.org\/{rel}","templated":true}]}}