{"id":8500,"date":"2023-05-23T00:30:23","date_gmt":"2023-05-22T21:30:23","guid":{"rendered":"https:\/\/dia24.eu\/?post_type=product&#038;p=8500"},"modified":"2025-08-18T09:48:08","modified_gmt":"2025-08-18T06:48:08","slug":"dexcom-one-sensors-2-pack-with-transmitter","status":"publish","type":"product","link":"https:\/\/dia24.eu\/ro\/product\/dexcom-one-sensors-2-pack-with-transmitter\/","title":{"rendered":"Senzori Dexcom ONE (pachet de 2) + Transmi\u021b\u0103tor"},"content":{"rendered":"<p>Senzorul Dexcom ONE m\u0103soar\u0103 continuu nivelul de glucoz\u0103.<br \/>\nSenzorul este prev\u0103zut cu un aplicator, ceea ce face ca inser\u021bia s\u0103 fie foarte rapid\u0103 \u0219i simpl\u0103. Senzorul poate fi purtat p\u00e2n\u0103 la 10 zile.<br \/>\nNecesit\u0103 transmi\u021b\u0103torul Dexcom ONE (inclus \u00een acest pachet)<\/p>\n<ul>\n<li>Senzorul poate fi purtat timp de p\u00e2n\u0103 la 10 zile (recomandat)<\/li>\n<li>Vine cu un autoaplicator<\/li>\n<li>Necesit\u0103 <strong><a href=\"https:\/\/dia24.eu\/ro\/product\/dexcom-one-transmitter\/\">Transmi\u021b\u0103tor Dexcom ONE<\/a><\/strong><\/li>\n<\/ul>","protected":false},"excerpt":{"rendered":"<p>Senzori Dexcom ONE (pachet de 2) pentru m\u0103surarea continu\u0103 a nivelului de glucoz\u0103 cu transmi\u021b\u0103torul Dexcom ONE.<\/p>","protected":false},"featured_media":8501,"comment_status":"closed","ping_status":"closed","template":"","meta":[],"etheme_brands":[],"product_brand":[],"product_cat":[79,78],"product_tag":[110,94,107,108,109],"class_list":{"0":"post-8500","1":"product","2":"type-product","3":"status-publish","4":"has-post-thumbnail","6":"product_cat-dexcom-one-cgm","7":"product_cat-glucose-sensors-cgm","8":"product_tag-cgm","9":"product_tag-dexcom-one","10":"product_tag-kit","11":"product_tag-sensor","12":"product_tag-transmitter","14":"first","15":"outofstock","16":"sale","17":"shipping-taxable","18":"purchasable","19":"product-type-simple"},"aioseo_notices":[],"_links":{"self":[{"href":"https:\/\/dia24.eu\/ro\/wp-json\/wp\/v2\/product\/8500","targetHints":{"allow":["GET"]}}],"collection":[{"href":"https:\/\/dia24.eu\/ro\/wp-json\/wp\/v2\/product"}],"about":[{"href":"https:\/\/dia24.eu\/ro\/wp-json\/wp\/v2\/types\/product"}],"replies":[{"embeddable":true,"href":"https:\/\/dia24.eu\/ro\/wp-json\/wp\/v2\/comments?post=8500"}],"version-history":[{"count":1,"href":"https:\/\/dia24.eu\/ro\/wp-json\/wp\/v2\/product\/8500\/revisions"}],"predecessor-version":[{"id":8502,"href":"https:\/\/dia24.eu\/ro\/wp-json\/wp\/v2\/product\/8500\/revisions\/8502"}],"wp:featuredmedia":[{"embeddable":true,"href":"https:\/\/dia24.eu\/ro\/wp-json\/wp\/v2\/media\/8501"}],"wp:attachment":[{"href":"https:\/\/dia24.eu\/ro\/wp-json\/wp\/v2\/media?parent=8500"}],"wp:term":[{"taxonomy":"brand","embeddable":true,"href":"https:\/\/dia24.eu\/ro\/wp-json\/wp\/v2\/etheme_brands?post=8500"},{"taxonomy":"product_brand","embeddable":true,"href":"https:\/\/dia24.eu\/ro\/wp-json\/wp\/v2\/product_brand?post=8500"},{"taxonomy":"product_cat","embeddable":true,"href":"https:\/\/dia24.eu\/ro\/wp-json\/wp\/v2\/product_cat?post=8500"},{"taxonomy":"product_tag","embeddable":true,"href":"https:\/\/dia24.eu\/ro\/wp-json\/wp\/v2\/product_tag?post=8500"}],"curies":[{"name":"wp","href":"https:\/\/api.w.org\/{rel}","templated":true}]}}