{"id":8902,"date":"2023-06-04T00:14:20","date_gmt":"2023-06-03T21:14:20","guid":{"rendered":"https:\/\/dia24.eu\/?post_type=product&#038;p=8902"},"modified":"2024-07-29T20:07:38","modified_gmt":"2024-07-29T17:07:38","slug":"microlet-lancets-pack-of-200","status":"publish","type":"product","link":"https:\/\/dia24.eu\/ro\/product\/microlet-lancets-pack-of-200\/","title":{"rendered":"Lancete Microlet (pachet de 200)"},"content":{"rendered":"<p>Lancete colorate acoperite cu silicon.<br \/>\nPentru utilizare cu toate dispozitivele de punc\u021bie Bayer Microlet\u00ae.<br \/>\nConcepute pentru a se potrivi cu majoritatea dispozitivelor de punc\u021bie standard de pe pia\u021b\u0103, astfel \u00eenc\u00e2t s\u0103 pute\u021bi \u00eencepe s\u0103 le folosi\u021bi imediat cu dispozitivul dvs. de punc\u021bie preferat.<\/p>\n<p><strong>Instruc\u021biuni de utilizare<\/strong><br \/>\n1. Introduce\u021bi lanceta \u0219i de\u0219uruba\u021bi capacul de protec\u021bie.<br \/>\n2. Dup\u0103 utilizare, a\u0219eza\u021bi capacul de protec\u021bie pe un teren plan. 2. \u00cempinge\u021bi ferm lanceta \u00een partea deschis\u0103 a capacului.<br \/>\n3. Trage\u021bi maneta de resetare \u0219i lanceta este eliberat\u0103.<\/p>\n<p><strong>Avertismente \u0219i precau\u021bii<\/strong><br \/>\nNu utiliza\u021bi a doua oar\u0103 sau dac\u0103 capacul de protec\u021bie a fost deja de\u0219urubat.<\/p>\n<p>Limba de pe ambalaj poate fi diferit\u0103 de cea din imaginea produsului, din cauza diferen\u021belor de pia\u021b\u0103.<\/p>","protected":false},"excerpt":{"rendered":"<p>Lancete colorate acoperite cu silicon, pachet de 200.<br \/>\nPentru utilizare cu toate dispozitivele de punc\u021bie Bayer Microlet\u00ae.<\/p>","protected":false},"featured_media":8903,"comment_status":"open","ping_status":"closed","template":"","meta":[],"etheme_brands":[],"product_brand":[],"product_cat":[88,96],"product_tag":[],"class_list":{"0":"post-8902","1":"product","2":"type-product","3":"status-publish","4":"has-post-thumbnail","6":"product_cat-accessories","7":"product_cat-blood-glucose-meters","9":"first","10":"instock","11":"shipping-taxable","12":"purchasable","13":"product-type-simple"},"aioseo_notices":[],"_links":{"self":[{"href":"https:\/\/dia24.eu\/ro\/wp-json\/wp\/v2\/product\/8902","targetHints":{"allow":["GET"]}}],"collection":[{"href":"https:\/\/dia24.eu\/ro\/wp-json\/wp\/v2\/product"}],"about":[{"href":"https:\/\/dia24.eu\/ro\/wp-json\/wp\/v2\/types\/product"}],"replies":[{"embeddable":true,"href":"https:\/\/dia24.eu\/ro\/wp-json\/wp\/v2\/comments?post=8902"}],"version-history":[{"count":3,"href":"https:\/\/dia24.eu\/ro\/wp-json\/wp\/v2\/product\/8902\/revisions"}],"predecessor-version":[{"id":8907,"href":"https:\/\/dia24.eu\/ro\/wp-json\/wp\/v2\/product\/8902\/revisions\/8907"}],"wp:featuredmedia":[{"embeddable":true,"href":"https:\/\/dia24.eu\/ro\/wp-json\/wp\/v2\/media\/8903"}],"wp:attachment":[{"href":"https:\/\/dia24.eu\/ro\/wp-json\/wp\/v2\/media?parent=8902"}],"wp:term":[{"taxonomy":"brand","embeddable":true,"href":"https:\/\/dia24.eu\/ro\/wp-json\/wp\/v2\/etheme_brands?post=8902"},{"taxonomy":"product_brand","embeddable":true,"href":"https:\/\/dia24.eu\/ro\/wp-json\/wp\/v2\/product_brand?post=8902"},{"taxonomy":"product_cat","embeddable":true,"href":"https:\/\/dia24.eu\/ro\/wp-json\/wp\/v2\/product_cat?post=8902"},{"taxonomy":"product_tag","embeddable":true,"href":"https:\/\/dia24.eu\/ro\/wp-json\/wp\/v2\/product_tag?post=8902"}],"curies":[{"name":"wp","href":"https:\/\/api.w.org\/{rel}","templated":true}]}}