{"id":8921,"date":"2023-06-04T02:38:31","date_gmt":"2023-06-03T23:38:31","guid":{"rendered":"https:\/\/dia24.eu\/?post_type=product&#038;p=8921"},"modified":"2024-07-29T20:07:24","modified_gmt":"2024-07-29T17:07:24","slug":"livsane-glucose-tablets-strawberry-flavoured-n17","status":"publish","type":"product","link":"https:\/\/dia24.eu\/ro\/product\/livsane-glucose-tablets-strawberry-flavoured-n17\/","title":{"rendered":"Livsane Glucose Tablete cu arom\u0103 de c\u0103p\u0219uni N17"},"content":{"rendered":"<p>Un ajutor rapid \u00een caz de hipoglicemie, acesta cre\u0219te rapid nivelul de glucoz\u0103 din s\u00e2nge.<br \/>\nO alternativ\u0103 delicioas\u0103 pentru sus\u021binerea zilnic\u0103 a func\u021biilor sistemului imunitar. Ajut\u0103 la prevenirea senza\u021biei de oboseal\u0103 de performan\u021b\u0103. Arom\u0103 pl\u0103cut\u0103 de c\u0103p\u0219uni.<\/p>\n<ul>\n<li>F\u0103r\u0103 gluten<\/li>\n<li>F\u0103r\u0103 lactoz\u0103<\/li>\n<li>Potrivit pentru vegetarieni<\/li>\n<li>Potrivit pentru vegani<\/li>\n<\/ul>\n<p><strong>Ingrediente<\/strong><br \/>\nDextroz\u0103 (88%), acid L-ascorbic, gr\u0103simi vegetale complet hidrogenate (semin\u021be de rapi\u021b\u0103, nuc\u0103 de cocos), agent antiaglomerant: s\u0103ruri de magneziu ale acizilor gra\u0219i, arome.<\/p>\n<p><strong>O doz\u0103 zilnic\u0103 recomandat\u0103 de 2 comprimate con\u021bine:<br \/>\n<\/strong>Dextroz\u0103 4,5 g<br \/>\nVitamina C 80 mg (100% NRV*)<br \/>\n*Porcentaj din aportul zilnic de referin\u021b\u0103 pentru adul\u021bi (VNR - Valoarea nutri\u021bional\u0103 de referin\u021b\u0103).<\/p>\n<p>Este important s\u0103 ai o alimenta\u021bie variat\u0103 \u0219i echilibrat\u0103 \u0219i s\u0103 duci un stil de via\u021b\u0103 s\u0103n\u0103tos!<br \/>\nNu dep\u0103\u0219i\u021bi doza zilnic\u0103 recomandat\u0103!<\/p>","protected":false},"excerpt":{"rendered":"<p>Tabletele de dextroz\u0103 cu arom\u0103 de c\u0103p\u0219uni LIVSANE asigur\u0103 organismului cantit\u0103\u021bi adecvate de glucoz\u0103 \u0219i vitamina C.<br \/>\nCon\u021bine 17 comprimate masticabile.<\/p>","protected":false},"featured_media":8922,"comment_status":"open","ping_status":"closed","template":"","meta":[],"etheme_brands":[],"product_brand":[],"product_cat":[113,83],"product_tag":[],"class_list":{"0":"post-8921","1":"product","2":"type-product","3":"status-publish","4":"has-post-thumbnail","6":"product_cat-glucose-tablets","7":"product_cat-first-aid-and-care","9":"first","10":"outofstock","11":"shipping-taxable","12":"purchasable","13":"product-type-simple"},"aioseo_notices":[],"_links":{"self":[{"href":"https:\/\/dia24.eu\/ro\/wp-json\/wp\/v2\/product\/8921","targetHints":{"allow":["GET"]}}],"collection":[{"href":"https:\/\/dia24.eu\/ro\/wp-json\/wp\/v2\/product"}],"about":[{"href":"https:\/\/dia24.eu\/ro\/wp-json\/wp\/v2\/types\/product"}],"replies":[{"embeddable":true,"href":"https:\/\/dia24.eu\/ro\/wp-json\/wp\/v2\/comments?post=8921"}],"version-history":[{"count":2,"href":"https:\/\/dia24.eu\/ro\/wp-json\/wp\/v2\/product\/8921\/revisions"}],"predecessor-version":[{"id":8927,"href":"https:\/\/dia24.eu\/ro\/wp-json\/wp\/v2\/product\/8921\/revisions\/8927"}],"wp:featuredmedia":[{"embeddable":true,"href":"https:\/\/dia24.eu\/ro\/wp-json\/wp\/v2\/media\/8922"}],"wp:attachment":[{"href":"https:\/\/dia24.eu\/ro\/wp-json\/wp\/v2\/media?parent=8921"}],"wp:term":[{"taxonomy":"brand","embeddable":true,"href":"https:\/\/dia24.eu\/ro\/wp-json\/wp\/v2\/etheme_brands?post=8921"},{"taxonomy":"product_brand","embeddable":true,"href":"https:\/\/dia24.eu\/ro\/wp-json\/wp\/v2\/product_brand?post=8921"},{"taxonomy":"product_cat","embeddable":true,"href":"https:\/\/dia24.eu\/ro\/wp-json\/wp\/v2\/product_cat?post=8921"},{"taxonomy":"product_tag","embeddable":true,"href":"https:\/\/dia24.eu\/ro\/wp-json\/wp\/v2\/product_tag?post=8921"}],"curies":[{"name":"wp","href":"https:\/\/api.w.org\/{rel}","templated":true}]}}