{"id":9798,"date":"2023-07-19T00:13:54","date_gmt":"2023-07-18T21:13:54","guid":{"rendered":"https:\/\/dia24.eu\/?post_type=product&#038;p=9798"},"modified":"2023-07-19T00:19:30","modified_gmt":"2023-07-18T21:19:30","slug":"accu-chek-sorftclix-lancets-n200","status":"publish","type":"product","link":"https:\/\/dia24.eu\/ro\/product\/accu-chek-sorftclix-lancets-n200\/","title":{"rendered":"Accu-Chek Sorftclix Lancet\u0103 N200"},"content":{"rendered":"<p>Accu-Chek Softclix este conceput pentru a fi utilizat cu dispozitivul de punc\u021bie Softclix pentru a face o mic\u0103 gaur\u0103 la suprafa\u021ba pielii, apoi aplica\u021bi pic\u0103tura de s\u00e2nge pe banda de testare a glucometrului Accu-Chek \u0219i apoi introduce\u021bi banda de testare \u00een glucometru.<br>Accu-Chek Softclix are un ac deosebit de sub\u021bire - doar 0,4 mm. Datorit\u0103 tehnologiei unice Clixmotion, nu exist\u0103 vibra\u021bii. Aceast\u0103 mi\u0219care controlat\u0103 rapid este mult mai bl\u00e2nd\u0103 cu pielea.<\/p>","protected":false},"excerpt":{"rendered":"<p>Accu-Chek Sorftclix Lancet\u0103, cutie de 200.<\/p>","protected":false},"featured_media":9799,"comment_status":"open","ping_status":"closed","template":"","meta":[],"etheme_brands":[],"product_brand":[],"product_cat":[88,96],"product_tag":[],"class_list":{"0":"post-9798","1":"product","2":"type-product","3":"status-publish","4":"has-post-thumbnail","6":"product_cat-accessories","7":"product_cat-blood-glucose-meters","9":"first","10":"instock","11":"shipping-taxable","12":"purchasable","13":"product-type-simple"},"aioseo_notices":[],"_links":{"self":[{"href":"https:\/\/dia24.eu\/ro\/wp-json\/wp\/v2\/product\/9798","targetHints":{"allow":["GET"]}}],"collection":[{"href":"https:\/\/dia24.eu\/ro\/wp-json\/wp\/v2\/product"}],"about":[{"href":"https:\/\/dia24.eu\/ro\/wp-json\/wp\/v2\/types\/product"}],"replies":[{"embeddable":true,"href":"https:\/\/dia24.eu\/ro\/wp-json\/wp\/v2\/comments?post=9798"}],"version-history":[{"count":1,"href":"https:\/\/dia24.eu\/ro\/wp-json\/wp\/v2\/product\/9798\/revisions"}],"predecessor-version":[{"id":9800,"href":"https:\/\/dia24.eu\/ro\/wp-json\/wp\/v2\/product\/9798\/revisions\/9800"}],"wp:featuredmedia":[{"embeddable":true,"href":"https:\/\/dia24.eu\/ro\/wp-json\/wp\/v2\/media\/9799"}],"wp:attachment":[{"href":"https:\/\/dia24.eu\/ro\/wp-json\/wp\/v2\/media?parent=9798"}],"wp:term":[{"taxonomy":"brand","embeddable":true,"href":"https:\/\/dia24.eu\/ro\/wp-json\/wp\/v2\/etheme_brands?post=9798"},{"taxonomy":"product_brand","embeddable":true,"href":"https:\/\/dia24.eu\/ro\/wp-json\/wp\/v2\/product_brand?post=9798"},{"taxonomy":"product_cat","embeddable":true,"href":"https:\/\/dia24.eu\/ro\/wp-json\/wp\/v2\/product_cat?post=9798"},{"taxonomy":"product_tag","embeddable":true,"href":"https:\/\/dia24.eu\/ro\/wp-json\/wp\/v2\/product_tag?post=9798"}],"curies":[{"name":"wp","href":"https:\/\/api.w.org\/{rel}","templated":true}]}}